{"id":405041,"date":"2025-04-23T17:06:04","date_gmt":"2025-04-23T14:06:04","guid":{"rendered":"https:\/\/kioto.com.ua\/xvr-videoreiestrator-8-kanalnyy-atis-xvr-3108hc\/"},"modified":"2026-03-17T08:40:23","modified_gmt":"2026-03-17T05:40:23","slug":"xvr-videoreiestrator-8-kanalnyy-atis-xvr-3108hc","status":"publish","type":"product","link":"https:\/\/kioto.com.ua\/ru\/xvr-videoreiestrator-8-kanalnyy-atis-xvr-3108hc\/","title":{"rendered":"XVR \u0432\u0456\u0434\u0435\u043e\u0440\u0435\u0454\u0441\u0442\u0440\u0430\u0442\u043e\u0440 8-\u043a\u0430\u043d\u0430\u043b\u044c\u043d\u0438\u0439 ATIS XVR 3108HC"},"content":{"rendered":"<p>XVR \u0432\u0456\u0434\u0435\u043e\u0440\u0435\u0454\u0441\u0442\u0440\u0430\u0442\u043e\u0440 XVR 3108HC \u0440\u043e\u0437\u0440\u0430\u0445\u043e\u0432\u0430\u043d\u0438\u0439 \u043d\u0430 \u043f\u0456\u0434\u043a\u043b\u044e\u0447\u0435\u043d\u043d\u044f \u0434\u043e 8 \u043a\u0430\u043c\u0435\u0440 \u0432\u0456\u0434\u0435\u043e\u0441\u043f\u043e\u0441\u0442\u0435\u0440\u0435\u0436\u0435\u043d\u043d\u044f: HDCVI, TVI, AHD | Analog \u0430\u0431\u043e 16 IP-\u043a\u0430\u043c\u0435\u0440.<br \/>\u0417\u0430\u043f\u0438\u0441 \u0432\u0456\u0434\u0435\u043e\u0430\u0440\u0445\u0456\u0432\u0443 \u0432\u0435\u0434\u0435\u0442\u044c\u0441\u044f \u043d\u0430 1 HDD \u0454\u043c\u043d\u0456\u0441\u0442\u044e \u0434\u043e 8 \u0422\u0411 (\u043a\u0443\u043f\u0443\u0454\u0442\u044c\u0441\u044f \u043e\u043a\u0440\u0435\u043c\u043e).<\/p>\n<p>\u0429\u043e \u0442\u0430\u043a\u0435 XVR \u0432\u0456\u0434\u0435\u043e\u0440\u0435\u0454\u0441\u0442\u0440\u0430\u0442\u043e\u0440<br \/>XVR \u0432\u0456\u0434\u0435\u043e\u0440\u0435\u0454\u0441\u0442\u0440\u0430\u0442\u043e\u0440 \u2013 \u0446\u0435 \u0432\u0456\u0434\u0435\u043e\u0440\u0435\u0454\u0441\u0442\u0440\u0430\u0442\u043e\u0440, \u0449\u043e \u0434\u043e\u0437\u0432\u043e\u043b\u044f\u0454 \u0432\u0438\u043a\u043e\u0440\u0438\u0441\u0442\u043e\u0432\u0443\u0432\u0430\u0442\u0438 HDCVI, HD-TVI, AHD, IP \u0456 \u0430\u043d\u0430\u043b\u043e\u0433\u043e\u0432\u0456 \u043a\u0430\u043c\u0435\u0440\u0438 \u0432\u0456\u0434\u0435\u043e\u0441\u043f\u043e\u0441\u0442\u0435\u0440\u0435\u0436\u0435\u043d\u043d\u044f. \u0406\u043d\u0448\u0438\u043c\u0438 \u0441\u043b\u043e\u0432\u0430\u043c\u0438, XVR \u0432\u0456\u0434\u0435\u043e\u0440\u0435\u0454\u0441\u0442\u0440\u0430\u0442\u043e\u0440 \u2013 \u0443\u043d\u0456\u0432\u0435\u0440\u0441\u0430\u043b\u044c\u043d\u0438\u0439 \u043f\u0440\u0438\u0441\u0442\u0440\u0456\u0439, \u044f\u043a\u0438\u0439 \u0441\u0443\u043c\u0456\u0441\u043d\u0438\u0439 \u0437 \u043f\u0440\u043e\u0432\u0456\u0434\u043d\u0438\u043c\u0438 \u0432\u0456\u0434\u0435\u043e\u0444\u043e\u0440\u043c\u0430\u0442\u0430\u043c\u0438.<\/p>\n<p>\u0422\u0435\u0445\u043d\u0456\u0447\u043d\u0456 \u0445\u0430\u0440\u0430\u043a\u0442\u0435\u0440\u0438\u0441\u0442\u0438\u043a\u0438 XVR \u0432\u0456\u0434\u0435\u043e\u0440\u0435\u0454\u0441\u0442\u0440\u0430\u0442\u043e\u0440\u0430 ATIS XVR 3108HC<\/p>\n<p>\u041c\u0430\u043a\u0441\u0438\u043c\u0430\u043b\u044c\u043d\u0430 \u043a\u0456\u043b\u044c\u043a\u0456\u0441\u0442\u044c \u043a\u0430\u043c\u0435\u0440, \u0449\u043e \u043f\u0456\u0434\u043a\u043b\u044e\u0447\u0430\u044e\u0442\u044c\u0441\u044f<\/p>\n<p> \u0437\u0430 \u0437\u0430\u043c\u043e\u0432\u0447\u0443\u0432\u0430\u043d\u043d\u044f\u043c: 8 \u0430\u043d\u0430\u043b\u043e\u0433\u043e\u0432\u0438\u0445 8\u041c\u043f (HDCVI\/TVI\/AHD\/CVBS) + 4 IP-\u043a\u0430\u043c\u0435\u0440\u0438 (\u043c\u0430\u043a\u0441. 8\u041c\u043f)<br \/> \u0430\u043d\u0430\u043b\u043e\u0433\u043e\u0432\u0456 (\u0434\u043e 8 \u041c\u043f) + IP (\u0434\u043e 8 \u041c\u043f): 6 \u0430\u043d\u0430\u043b\u043e\u0433\u043e\u0432\u0438\u0445 + 8 IP \/ 4 \u0430\u043d\u0430\u043b\u043e\u0433\u043e\u0432\u0438\u0445 + 10 IP \/ 2 \u0430\u043d\u0430\u043b\u043e\u0433\u043e\u0432\u0456 + 12 IP<br \/> \u0442\u0456\u043b\u044c\u043a\u0438 IP-\u043a\u0430\u043c\u0435\u0440\u0438: 16 (\u0437\u0430\u0433\u0430\u043b\u044c\u043d\u0430 \u0432\u0445\u0456\u0434\u043d\u0430 \u043f\u0440\u043e\u043f\u0443\u0441\u043a\u043d\u0430 \u0437\u0434\u0430\u0442\u043d\u0456\u0441\u0442\u044c \u0434\u043e 80 \u041c\u0431\u0456\u0442\/\u0441)<\/p>\n<p>\u0420\u043e\u0437\u0434\u0456\u043b\u044c\u043d\u0430 \u0437\u0434\u0430\u0442\u043d\u0456\u0441\u0442\u044c \u0437\u0430\u043f\u0438\u0441\u0443 \u0456 \u043a\u043e\u043c\u043f\u0440\u0435\u0441\u0456\u044f \u0432\u0456\u0434\u0435\u043e<\/p>\n<p>\u0412\u0456\u0434\u0435\u043e\u0440\u0435\u0454\u0441\u0442\u0440\u0430\u0442\u043e\u0440 \u043f\u0456\u0434\u0442\u0440\u0438\u043c\u0443\u0454 3 \u0440\u0435\u0436\u0438\u043c\u0438: Normal Mode, LITE Mode \u0442\u0430 Pure IP (H.265):<\/p>\n<p>Normal Mode (Analog):<\/p>\n<p>PAL: 8MP_LITE(1920\u00d72160 8*8fps), 5MP(2560\u00d71952 8*6fps), 5MP_LITE(1280\u00d71952 8*10fps),  4MP(2560\u00d71440 8*8fps), 4MP_LITE(1280\u00d71440 8*15fps), 3MP(2048\u00d71536 8*9fps), 3MP_Lite(1024\u00d71536 8*18fps), 1080P(1920&#215;1080 8*15fps), 720P(1280\u00d7720 8*25fps), 960H(960&#215;480 8*25fps)<br \/>NTSC: 8MP_LITE(1920\u00d72160 8*8fps), 5MP(2560\u00d71952 8*6fps), 5MP_LITE(1280\u00d71952 8*10fps), 4MP(2560\u00d71440 8*8fps), 4MP_LITE(1280\u00d71440 8*15fps), 3MP(2048\u00d71536 8*9fps), 3MP_Lite(1024\u00d71536 8*18fps), 1080P(1920&#215;1080 8*15fps), 720P(1280\u00d7720 8*30fps), 960H(960\u00d7480 8*30fps)<\/p>\n<p>LITE Mode (Analog):<\/p>\n<p>PAL: 5MP_Lite(1280\u00d71952 8*10fps), 4MP_Lite(1280\u00d71440 8*15fps), 3MP_Lite(1024\u00d71536 8*18fps), 1080N(960&#215;1080 8*25fps), 720P(1280\u00d7720 8*25fps), 960H(960\u00d7480 8*25fps)<br \/>NTSC: 5MP_Lite(1280\u00d71952 8*10fps), 4MP_Lite(1280\u00d71440 8*15fps), 3MP_Lite(1024\u00d71536 8*18fps), 1080N(960&#215;1080 8*25fps), 720P(1280\u00d7720 8*25fps), 960H(960\u00d7480 8*30fps)<\/p>\n<p>Pure IP (H.265):<\/p>\n<p>PAL: 8MP@9x25fps, 5MP@12x25fps, 4MP@16x25fps, 3MP@16x25fps, 1080P@16x25fps, 960P@16x25fps, 720P@16x25fps, D1@16x25fps<br \/>NTSC: 8MP@9x30fp, 5MP@12x30fps, 4MP@16x30fps, 3MP@16x30fps, 1080P@16x30fps, 960P@16x30fps, 720P@16x30fps, D1@16x30fps<\/p>\n<p>\u0437\u0430\u0441\u0442\u043e\u0441\u043e\u0432\u0443\u0454\u0442\u044c\u0441\u044f \u0441\u0442\u0430\u043d\u0434\u0430\u0440\u0442 \u043a\u043e\u043c\u043f\u0440\u0435\u0441\u0456\u0457 \u0432\u0456\u0434\u0435\u043e H.265 \/ H.265+ \/ H.264 \/ H.264+, \u0437\u0430\u0432\u0434\u044f\u043a\u0438 \u0447\u043e\u043c\u0443 \u0437\u0431\u0435\u0440\u0456\u0433\u0430\u0454\u0442\u044c\u0441\u044f \u0432\u0438\u0441\u043e\u043a\u0430 \u044f\u043a\u0456\u0441\u0442\u044c \u0437\u043e\u0431\u0440\u0430\u0436\u0435\u043d\u043d\u044f \u043f\u0440\u0438 \u0432\u0456\u0434\u043d\u043e\u0441\u043d\u043e \u043d\u0435\u0432\u0435\u043b\u0438\u043a\u043e\u043c\u0443 \u0440\u043e\u0437\u043c\u0456\u0440\u0456 \u0432\u0456\u0434\u0435\u043e\u0444\u0430\u0439\u043b\u0443;<br \/>\u043b\u043e\u043a\u0430\u043b\u044c\u043d\u0435 \u0437\u0431\u0435\u0440\u0456\u0433\u0430\u043d\u043d\u044f \u0430\u0440\u0445\u0456\u0432\u0443 \u0437\u0430\u043f\u0438\u0441\u0430\u043d\u043e\u0433\u043e \u0432\u0456\u0434\u0435\u043e\u0437\u043e\u0431\u0440\u0430\u0436\u0435\u043d\u043d\u044f \u0432\u0438\u043a\u043e\u043d\u0443\u0454\u0442\u044c\u0441\u044f \u043d\u0430 1 \u0436\u043e\u0440\u0441\u0442\u043a\u043e\u043c\u0443 \u0434\u0438\u0441\u043a\u0443 SATA \u0454\u043c\u043d\u0456\u0441\u0442\u044e \u0434\u043e 8 \u0422\u0411 (\u043a\u0443\u043f\u0443\u0454\u0442\u044c\u0441\u044f \u043e\u043a\u0440\u0435\u043c\u043e).<\/p>\n<p>\u0412\u0456\u0434\u0435\u043e\u0432\u0445\u043e\u0434\u0438 \u0442\u0430 \u0432\u0456\u0434\u0435\u043e\u0432\u0438\u0445\u043e\u0434\u0438<\/p>\n<p>8 BNC-\u0432\u0456\u0434\u0435\u043e\u0432\u0445\u043e\u0434\u0456\u0432 \u0434\u043b\u044f \u043f\u0456\u0434\u043a\u043b\u044e\u0447\u0435\u043d\u043d\u044f \u043a\u0430\u043c\u0435\u0440 \u0432\u0456\u0434\u0435\u043e\u043d\u0430\u0433\u043b\u044f\u0434\u0443;<br \/>\u0434\u043b\u044f \u043f\u0435\u0440\u0435\u0433\u043b\u044f\u0434\u0443 \u0432\u0456\u0434\u0435\u043e\u0437\u043e\u0431\u0440\u0430\u0436\u0435\u043d\u043d\u044f \u043f\u0435\u0440\u0435\u0434\u0431\u0430\u0447\u0435\u043d\u0456 3 \u0432\u0456\u0434\u0435\u043e\u0432\u0438\u0445\u043e\u0434\u0438: VGA, HDMI, CVBS.<\/p>\n<p>\u0410\u0443\u0434\u0456\u043e<br \/>\u0414\u043b\u044f \u0437\u0430\u043f\u0438\u0441\u0443 \u0437\u0432\u0443\u043a\u0443 \u043f\u0435\u0440\u0435\u0434\u0431\u0430\u0447\u0435\u043d\u0456 6 \u0430\u0443\u0434\u0456\u043e\u0432\u0445\u043e\u0434\u0456\u0432 RCA (\u00ab\u0442\u044e\u043b\u044c\u043f\u0430\u043d\u00bb) \u0456 1 \u0430\u0443\u0434\u0456\u043e\u0432\u0438\u0445\u0456\u0434 RCA (\u00ab\u0442\u044e\u043b\u044c\u043f\u0430\u043d\u00bb) \u0434\u043b\u044f \u0432\u0456\u0434\u0442\u0432\u043e\u0440\u0435\u043d\u043d\u044f \u0437\u0430\u043f\u0438\u0441\u0430\u043d\u043e\u0457 \u0430\u0443\u0434\u0456\u043e\u0456\u043d\u0444\u043e\u0440\u043c\u0430\u0446\u0456\u0457.<\/p>\n<p>\u0406\u043d\u0442\u0435\u0440\u0444\u0435\u0439\u0441\u0438<\/p>\n<p>2 USB \u043f\u043e\u0440\u0442\u0438 \u0434\u043b\u044f \u043f\u0456\u0434\u043a\u043b\u044e\u0447\u0435\u043d\u043d\u044f \u043c\u0438\u0448\u043a\u0438, \u0430 \u0442\u0430\u043a\u043e\u0436 \u0434\u043b\u044f \u0440\u0435\u0437\u0435\u0440\u0432\u043d\u043e\u0433\u043e \u043a\u043e\u043f\u0456\u044e\u0432\u0430\u043d\u043d\u044f \u0430\u0440\u0445\u0456\u0432\u0443 \u0432\u0456\u0434\u0435\u043e\u0444\u0430\u0439\u043b\u0456\u0432 \u043d\u0430 \u0444\u043b\u0435\u0448-\u043d\u043e\u0441\u0456\u0439;<br \/>\u0456\u043d\u0442\u0435\u0440\u0444\u0435\u0439\u0441 RJ45 (LAN) \u0434\u043b\u044f \u0437\u0432&#8217;\u044f\u0437\u043a\u0443 \u0432\u0456\u0434\u0435\u043e\u0440\u0435\u0454\u0441\u0442\u0440\u0430\u0442\u043e\u0440\u0430 \u0437 \u043b\u043e\u043a\u0430\u043b\u044c\u043d\u043e\u044e \u043c\u0435\u0440\u0435\u0436\u0435\u044e \u0430\u0431\u043e \u0433\u043b\u043e\u0431\u0430\u043b\u044c\u043d\u043e\u044e \u043c\u0435\u0440\u0435\u0436\u0435\u044e \u0406\u043d\u0442\u0435\u0440\u043d\u0435\u0442. \u0422\u0430\u043a\u043e\u0436 \u043c\u043e\u0436\u043b\u0438\u0432\u043e \u0432\u0456\u0434\u0434\u0430\u043b\u0435\u043d\u043e \u0437\u0430 \u0434\u043e\u043f\u043e\u043c\u043e\u0433\u043e\u044e \u043f\u0435\u0440\u0441\u043e\u043d\u0430\u043b\u044c\u043d\u043e\u0433\u043e \u043a\u043e\u043c\u043f&#8217;\u044e\u0442\u0435\u0440\u0430, \u0430\u0431\u043e \u0441\u043c\u0430\u0440\u0442\u0444\u043e\u043d\u0430 \u0430\u0431\u043e \u043f\u043b\u0430\u043d\u0448\u0435\u0442\u0430 \u043f\u0456\u0434 \u043a\u0435\u0440\u0443\u0432\u0430\u043d\u043d\u044f\u043c \u043e\u043f\u0435\u0440\u0430\u0446\u0456\u0439\u043d\u043e\u0457 \u0441\u0438\u0441\u0442\u0435\u043c\u0438 iOS \/ Android:<\/p>\n<p>\u043f\u0435\u0440\u0435\u0433\u043b\u044f\u0434\u0430\u0442\u0438 \u0432\u0456\u0434\u0435\u043e \u0437 \u043a\u0430\u043c\u0435\u0440;<br \/>\u043e\u0442\u0440\u0438\u043c\u0430\u0442\u0438 \u0434\u043e\u0441\u0442\u0443\u043f \u0434\u043e \u0430\u0440\u0445\u0456\u0432\u0443 \u0432\u0456\u0434\u0435\u043e\u0437\u0430\u043f\u0438\u0441\u0443;<br \/>\u043a\u0435\u0440\u0443\u0432\u0430\u0442\u0438 \u043d\u0430\u043b\u0430\u0448\u0442\u0443\u0432\u0430\u043d\u043d\u044f\u043c\u0438 IP-\u0432\u0456\u0434\u0435\u043e\u0440\u0435\u0454\u0441\u0442\u0440\u0430\u0442\u043e\u0440\u0430;<\/p>\n<p>\u0456\u043d\u0442\u0435\u0440\u0444\u0435\u0439\u0441 RS485 \u2013 \u0434\u043b\u044f \u043a\u0435\u0440\u0443\u0432\u0430\u043d\u043d\u044f PTZ \u043a\u0430\u043c\u0435\u0440\u0430\u043c\u0438.<\/p>\n<p>\u0424\u0443\u043d\u043a\u0446\u0456\u043e\u043d\u0430\u043b XVR \u0432\u0456\u0434\u0435\u043e\u0440\u0435\u0454\u0441\u0442\u0440\u0430\u0442\u043e\u0440\u0430 ATIS XVR 3108HC<br \/>\u0417\u0430\u0432\u0434\u044f\u043a\u0438 \u0441\u0443\u0447\u0430\u0441\u043d\u043e\u043c\u0443 \u043f\u0440\u043e\u0433\u0440\u0430\u043c\u043d\u043e\u043c\u0443 \u0437\u0430\u0431\u0435\u0437\u043f\u0435\u0447\u0435\u043d\u043d\u044e \u0442\u0430 \u0456\u043d\u0442\u0443\u0457\u0442\u0438\u0432\u043d\u043e \u0437\u0440\u043e\u0437\u0443\u043c\u0456\u043b\u043e\u043c\u0443 \u043c\u0435\u043d\u044e XVR \u0432\u0456\u0434\u0435\u043e\u0440\u0435\u0454\u0441\u0442\u0440\u0430\u0442\u043e\u0440\u0430 ATIS XVR 3108HC, \u043a\u043e\u0440\u0438\u0441\u0442\u0443\u0432\u0430\u0447\u0435\u0432\u0456 \u0434\u043e\u0441\u0442\u0443\u043f\u043d\u0438\u0439 \u0448\u0438\u0440\u043e\u043a\u0438\u0439 \u043d\u0430\u0431\u0456\u0440 \u0433\u043d\u0443\u0447\u043a\u0438\u0445 \u043d\u0430\u043b\u0430\u0448\u0442\u0443\u0432\u0430\u043d\u044c \u0456 \u043c\u043e\u0436\u043b\u0438\u0432\u043e\u0441\u0442\u0435\u0439:<\/p>\n<p>\u0437\u0430\u0434\u0430\u0442\u0438 \u0434\u043b\u044f \u043a\u043e\u0436\u043d\u043e\u0433\u043e \u043a\u0430\u043d\u0430\u043b\u0443 \u043e\u043a\u0440\u0435\u043c\u043e \u043d\u0430\u043b\u0430\u0448\u0442\u0443\u0432\u0430\u043d\u043d\u044f \u044f\u043a\u043e\u0441\u0442\u0456 \u0437\u0430\u043f\u0438\u0441\u0443 \u0432\u0456\u0434\u0435\u043e\u0437\u043e\u0431\u0440\u0430\u0436\u0435\u043d\u043d\u044f \u0437 \u043a\u0430\u043c\u0435\u0440: \u043a\u0456\u043b\u044c\u043a\u0456\u0441\u0442\u044c \u043a\u0430\u0434\u0440\u0456\u0432 \u0432 \u0441\u0435\u043a\u0443\u043d\u0434\u0443 \u0456 \u0440\u043e\u0437\u0434\u0456\u043b\u044c\u043d\u0430 \u0437\u0434\u0430\u0442\u043d\u0456\u0441\u0442\u044c (\u0434\u043b\u044f \u043e\u043f\u0442\u0438\u043c\u0456\u0437\u0430\u0446\u0456\u0457 \u043c\u0456\u0441\u0446\u044f \u043d\u0430 \u0436\u043e\u0440\u0441\u0442\u043a\u0438\u0445 \u0434\u0438\u0441\u043a\u0430\u0445);<br \/>\u043d\u0430\u043b\u0430\u0448\u0442\u0443\u0432\u0430\u0442\u0438 \u0440\u0435\u0436\u0438\u043c\u0438 \u0437\u0430\u043f\u0438\u0441\u0443:<\/p>\n<p>\u043f\u043e\u0441\u0442\u0456\u0439\u043d\u0430 \u2013 \u0432\u0441\u044f \u0432\u0456\u0434\u0435\u043e\u0456\u043d\u0444\u043e\u0440\u043c\u0430\u0446\u0456\u044f \u0437 \u043a\u0430\u043c\u0435\u0440 \u0431\u0443\u0434\u0435 \u0437\u0430\u043f\u0438\u0441\u0443\u0432\u0430\u0442\u0438\u0441\u044f \u043d\u0430 \u0436\u043e\u0440\u0441\u0442\u043a\u0456 \u0434\u0438\u0441\u043a\u0438 24\/7 (\u043f\u0456\u0441\u043b\u044f \u0437\u0430\u043f\u043e\u0432\u043d\u0435\u043d\u043d\u044f, \u0430\u0440\u0445\u0456\u0432 \u0431\u0443\u0434\u0435 \u0446\u0438\u043a\u043b\u0456\u0447\u043d\u043e \u043f\u0435\u0440\u0435\u0437\u0430\u043f\u0438\u0441\u0430\u043d\u0438\u0439);<br \/>\u0437\u0430 \u0440\u043e\u0437\u043a\u043b\u0430\u0434\u043e\u043c \u2013 \u0443 \u0440\u0430\u0437\u0456, \u044f\u043a\u0449\u043e \u043d\u0435\u043c\u0430\u0454 \u043f\u043e\u0442\u0440\u0435\u0431\u0438 \u0432\u0435\u0441\u0442\u0438 \u0446\u0456\u043b\u043e\u0434\u043e\u0431\u043e\u0432\u0438\u0439 \u0430\u0440\u0445\u0456\u0432, XVR \u0432\u0456\u0434\u0435\u043e\u0440\u0435\u0454\u0441\u0442\u0440\u0430\u0442\u043e\u0440 \u043c\u043e\u0436\u0435 \u0437\u0431\u0435\u0440\u0456\u0433\u0430\u0442\u0438 \u0432\u0456\u0434\u0435\u043e \u0442\u0456\u043b\u044c\u043a\u0438 \u0432 \u043f\u0435\u0432\u043d\u0456 \u0433\u043e\u0434\u0438\u043d\u0438\/\u0434\u043d\u0456 \u0442\u0438\u0436\u043d\u044f (\u0434\u043e\u0441\u0442\u0443\u043f\u043d\u0456 \u043d\u0430\u043b\u0430\u0448\u0442\u0443\u0432\u0430\u043d\u043d\u044f \u043a\u043e\u0436\u043d\u043e\u0433\u043e \u043a\u0430\u043d\u0430\u043b\u0443 \u043e\u043a\u0440\u0435\u043c\u043e);<\/p>\n<p>\u0437\u0430\u0432\u0434\u044f\u043a\u0438 \u0432\u0431\u0443\u0434\u043e\u0432\u0430\u043d\u0456\u0439 \u0444\u0443\u043d\u043a\u0446\u0456\u0457 \u043f\u0440\u043e\u0433\u0440\u0430\u043c\u043d\u043e\u0433\u043e \u0434\u0435\u0442\u0435\u043a\u0442\u0443\u0432\u0430\u043d\u043d\u044f \u0440\u0443\u0445\u0443, XVR \u0432\u0456\u0434\u0435\u043e\u0440\u0435\u0454\u0441\u0442\u0440\u0430\u0442\u043e\u0440 \u0443 \u0440\u0430\u0437\u0456 \u0432\u0438\u044f\u0432\u043b\u0435\u043d\u043d\u044f \u0440\u0443\u0445\u0443 \u0432 \u043f\u043e\u043b\u0456 \u043e\u0433\u043b\u044f\u0434\u0443 \u0432\u0456\u0434\u0435\u043e\u043a\u0430\u043c\u0435\u0440\u0438 \u043c\u043e\u0436\u0435 \u0432\u0438\u043a\u043e\u043d\u0430\u0442\u0438 \u043d\u0430\u0441\u0442\u0443\u043f\u043d\u0456 \u0434\u0456\u0457:<\/p>\n<p>\u043f\u043e\u0447\u0430\u0442\u0438 \u0432\u0456\u0434\u0435\u043e\u0437\u0430\u043f\u0438\u0441 \u0432 \u0430\u0440\u0445\u0456\u0432 \u0432\u0456\u0434\u0440\u0430\u0437\u0443 \u0437 \u0434\u0435\u043a\u0456\u043b\u044c\u043a\u043e\u0445 \u043a\u0430\u043c\u0435\u0440;<br \/>\u0430\u043a\u0442\u0438\u0432\u0443\u0432\u0430\u0442\u0438 \u0440\u043e\u0431\u043e\u0442\u0443 \u043f\u0456\u0434\u043a\u043b\u044e\u0447\u0435\u043d\u0438\u0445 \u043f\u043e\u0432\u043e\u0440\u043e\u0442\u043d\u0438\u0445 \u043a\u0430\u043c\u0435\u0440;<\/p>\n<p>\u0430\u043d\u0430\u043b\u043e\u0433\u0456\u0447\u043d\u0456 \u0442\u0438\u043f\u0438 \u0440\u0435\u0430\u043a\u0446\u0456\u0439 XVR \u0432\u0456\u0434\u0435\u043e\u0440\u0435\u0454\u0441\u0442\u0440\u0430\u0442\u043e\u0440 \u043c\u043e\u0436\u0435 \u0432\u0438\u043a\u043e\u043d\u0430\u0442\u0438 \u0437\u0430 \u043d\u0430\u0441\u0442\u0443\u043f\u043d\u0438\u0445 \u0442\u0440\u0438\u0432\u043e\u0436\u043d\u0438\u0445 \u043f\u043e\u0434\u0456\u0439, \u044f\u043a\u0456 \u043f\u0435\u0440\u0435\u0448\u043a\u043e\u0434\u0436\u0430\u044e\u0442\u044c \u043a\u043e\u0440\u0435\u043a\u0442\u043d\u0456\u0439 \u0440\u043e\u0431\u043e\u0442\u0456 \u0441\u0438\u0441\u0442\u0435\u043c\u0438 \u0432\u0456\u0434\u0435\u043e\u0441\u043f\u043e\u0441\u0442\u0435\u0440\u0435\u0436\u0435\u043d\u043d\u044f:<\/p>\n<p>\u0432\u0456\u0434\u0441\u0443\u0442\u043d\u0456\u0441\u0442\u044c \u0432\u0456\u0434\u0435\u043e\u0441\u0438\u0433\u043d\u0430\u043b\u0443 \u2013 \u043f\u043e\u043b\u043e\u043c\u043a\u0430 \u0430\u0431\u043e \u043d\u0430\u0432\u043c\u0438\u0441\u043d\u0435 \u0432\u0456\u0434\u0456\u043c\u043a\u043d\u0435\u043d\u043d\u044f \u043a\u0430\u043c\u0435\u0440\u0438;<br \/>\u0431\u043b\u043e\u043a\u0443\u0432\u0430\u043d\u043d\u044f \u0432\u0456\u0434\u0435\u043e \u2013 \u0437\u0430\u043a\u0440\u0438\u0442\u0442\u044f \u043e\u0431&#8217;\u0454\u043a\u0442\u0438\u0432\u0430 \u043a\u0430\u043c\u0435\u0440\u0438 \u0441\u0442\u043e\u0440\u043e\u043d\u043d\u0456\u043c \u043f\u0440\u0435\u0434\u043c\u0435\u0442\u043e\u043c;<br \/>\u043f\u043e\u043b\u043e\u043c\u043a\u0430 \u0430\u0431\u043e \u0437\u0430\u043f\u043e\u0432\u043d\u0435\u043d\u043d\u044f \u0436\u043e\u0440\u0441\u0442\u043a\u043e\u0433\u043e \u0434\u0438\u0441\u043a\u0430;<br \/>\u0437\u0431\u0456\u0439 \u0432 \u043d\u0430\u043b\u0430\u0448\u0442\u0443\u0432\u0430\u043d\u043d\u044f\u0445 \u043c\u0435\u0440\u0435\u0436\u0456;<\/p>\n<p>\u0440\u043e\u0437\u043c\u0435\u0436\u0443\u0432\u0430\u0442\u0438 \u043f\u0440\u0430\u0432\u0430 \u0434\u043e\u0441\u0442\u0443\u043f\u0443 \u0434\u043b\u044f \u043a\u043e\u0440\u0438\u0441\u0442\u0443\u0432\u0430\u0447\u0456\u0432 \u043f\u0430\u0440\u043e\u043b\u0435\u043c:<\/p>\n<p>\u0430\u0434\u043c\u0456\u043d\u0456\u0441\u0442\u0440\u0430\u0442\u043e\u0440 \u2013 \u043f\u043e\u0432\u043d\u0438\u0439 \u0434\u043e\u0441\u0442\u0443\u043f \u0434\u043e \u0432\u0441\u0456\u0445 \u0444\u0443\u043d\u043a\u0446\u0456\u0439 \u0456 \u043d\u0430\u043b\u0430\u0448\u0442\u0443\u0432\u0430\u043d\u044c;<br \/>\u043e\u043f\u0435\u0440\u0430\u0442\u043e\u0440 \u2013 \u043e\u0431\u043c\u0435\u0436\u0435\u043d\u0438\u0439 \u0434\u043e\u0441\u0442\u0443\u043f \u0434\u043e \u0444\u0443\u043d\u043a\u0446\u0456\u043e\u043d\u0430\u043b\u0430 \u0432\u0456\u0434\u0435\u043e\u0440\u0435\u0454\u0441\u0442\u0440\u0430\u0442\u043e\u0440\u0430.<\/p>\n<p>\u0412\u0441\u0442\u0430\u043d\u043e\u0432\u043b\u0435\u043d\u043d\u044f XVR \u0432\u0456\u0434\u0435\u043e\u0440\u0435\u0454\u0441\u0442\u0440\u0430\u0442\u043e\u0440\u0430 ATIS XVR 3108HC<\/p>\n<p>\u0414\u043b\u044f \u0437\u0430\u043f\u0438\u0441\u0443 \u0432\u0456\u0434\u0435\u043e\u0430\u0440\u0445\u0456\u0432\u0443 \u043d\u0435\u043e\u0431\u0445\u0456\u0434\u043d\u043e \u043f\u0456\u0434&#8217;\u0454\u0434\u043d\u0430\u0442\u0438 \u0436\u043e\u0440\u0441\u0442\u043a\u0456 \u0434\u0438\u0441\u043a\u0438 (\u043a\u0443\u043f\u0443\u044e\u0442\u044c\u0441\u044f \u043e\u043a\u0440\u0435\u043c\u043e) \u0434\u043e \u0432\u0456\u0434\u043f\u043e\u0432\u0456\u0434\u043d\u0438\u0445 \u0440\u043e\u0437&#8217;\u0454\u043c\u0456\u0432 SATA, \u043f\u043e\u043f\u0435\u0440\u0435\u0434\u043d\u044c\u043e \u0437\u043d\u044f\u0432\u0448\u0438 \u0432\u0435\u0440\u0445\u043d\u044e \u043a\u0440\u0438\u0448\u043a\u0443 \u0432\u0456\u0434\u0435\u043e\u0440\u0435\u0454\u0441\u0442\u0440\u0430\u0442\u043e\u0440\u0430.<br \/>\u041f\u0440\u0438\u0454\u0434\u043d\u0430\u0439\u0442\u0435 \u0432\u0456\u0434\u0435\u043e\u043a\u0430\u043c\u0435\u0440\u0438 \u0437\u0430 \u0434\u043e\u043f\u043e\u043c\u043e\u0433\u043e\u044e \u043a\u0430\u0431\u0435\u043b\u044e.<br \/>\u041f\u0440\u0438\u0454\u0434\u043d\u0430\u0439\u0442\u0435 \u043c\u043e\u043d\u0456\u0442\u043e\u0440 \u0447\u0435\u0440\u0435\u0437 VGA \u0430\u0431\u043e HDMI \u0432\u0456\u0434\u0435\u043e\u0432\u0438\u0445\u0456\u0434.<br \/>\u041f\u043e\u0434\u0430\u0442\u0438 \u0436\u0438\u0432\u043b\u0435\u043d\u043d\u044f \u043d\u0430 \u0432\u0456\u0434\u0435\u043e\u0440\u0435\u0454\u0441\u0442\u0440\u0430\u0442\u043e\u0440 \u0437\u0430 \u0434\u043e\u043f\u043e\u043c\u043e\u0433\u043e\u044e \u0431\u043b\u043e\u043a\u0443 \u0436\u0438\u0432\u043b\u0435\u043d\u043d\u044f.<br \/>\u041f\u0440\u0438 \u043f\u0435\u0440\u0448\u043e\u043c\u0443 \u0437\u0430\u043f\u0443\u0441\u043a\u0443, \u0437\u0430 \u0434\u043e\u043f\u043e\u043c\u043e\u0433\u043e\u044e \u043f\u043e\u043a\u0440\u043e\u043a\u043e\u0432\u043e\u0433\u043e \u043c\u0430\u0439\u0441\u0442\u0440\u0430 \u043d\u0430\u043b\u0430\u0448\u0442\u0443\u0432\u0430\u043d\u044c \u0441\u0438\u0441\u0442\u0435\u043c\u0438, \u0432\u0438\u043a\u043e\u043d\u0430\u0442\u0438 \u043f\u0435\u0440\u0432\u0438\u043d\u043d\u0435 \u043d\u0430\u043b\u0430\u0448\u0442\u0443\u0432\u0430\u043d\u043d\u044f XVR \u0432\u0456\u0434\u0435\u043e\u0440\u0435\u0454\u0441\u0442\u0440\u0430\u0442\u043e\u0440\u0430.<\/p>\n<p>\u041f\u0456\u0434\u0441\u0443\u043c\u043a\u0438<br \/>\u0426\u0438\u0444\u0440\u043e\u0432\u0438\u0439 XVR \u0432\u0456\u0434\u0435\u043e\u0440\u0435\u0454\u0441\u0442\u0440\u0430\u0442\u043e\u0440 ATIS XVR 3108HC \u0432\u0456\u0434\u043c\u0456\u043d\u043d\u043e \u043f\u0456\u0434\u0456\u0439\u0434\u0435 \u0434\u043b\u044f \u043f\u043e\u0431\u0443\u0434\u043e\u0432\u0438 \u043f\u043e\u0432\u043d\u043e\u0446\u0456\u043d\u043d\u043e\u0457 \u0442\u0430 \u0435\u0444\u0435\u043a\u0442\u0438\u0432\u043d\u043e\u0457 \u0441\u0438\u0441\u0442\u0435\u043c\u0438 \u0432\u0456\u0434\u0435\u043e\u0441\u043f\u043e\u0441\u0442\u0435\u0440\u0435\u0436\u0435\u043d\u043d\u044f. \u041f\u043e\u0442\u0443\u0436\u043d\u0438\u0439 \u043f\u0440\u043e\u0446\u0435\u0441\u043e\u0440 \u0440\u0435\u0454\u0441\u0442\u0440\u0430\u0442\u043e\u0440\u0430 \u0437\u0434\u0430\u0442\u043d\u0438\u0439 \u0448\u0432\u0438\u0434\u043a\u043e \u043e\u0431\u0440\u043e\u0431\u0438\u0442\u0438 \u0442\u0430 \u0432\u0456\u0434\u0442\u0432\u043e\u0440\u0438\u0442\u0438 \u0432\u0456\u0434\u0435\u043e\u0456\u043d\u0444\u043e\u0440\u043c\u0430\u0446\u0456\u044e \u0432 \u0440\u043e\u0437\u0434\u0456\u043b\u044c\u043d\u0456\u0439 \u0437\u0434\u0430\u0442\u043d\u043e\u0441\u0442\u0456 1080P \u0437 8 \u043f\u0456\u0434\u043a\u043b\u044e\u0447\u0435\u043d\u0438\u0445 \u043a\u0430\u043c\u0435\u0440 HD-CVI, TVI, AHD, \u0437\u0430\u043f\u0438\u0441\u0430\u0442\u0438 \u0430\u0440\u0445\u0456\u0432 \u0432 \u0441\u0442\u0430\u043d\u0434\u0430\u0440\u0442\u0456 \u0441\u0442\u0438\u0441\u043d\u0435\u043d\u043d\u044f H.265 \/ H.264, \u0430 \u0442\u0430\u043a\u043e\u0436 \u043f\u0435\u0440\u0435\u0434\u0430\u0442\u0438 \u0432\u0456\u0434\u0435\u043e \u043c\u0435\u0440\u0435\u0436\u0435\u044e \u0406\u043d\u0442\u0435\u0440\u043d\u0435\u0442. \u041f\u0435\u0440\u0435\u0433\u043b\u044f\u0434 \u0432\u0456\u0434\u0435\u043e\u0437\u043e\u0431\u0440\u0430\u0436\u0435\u043d\u043d\u044f \u0456 \u0434\u043e\u0441\u0442\u0443\u043f \u0434\u043e \u0430\u0440\u0445\u0456\u0432\u0443 \u043c\u043e\u0436\u043b\u0438\u0432\u0438\u0439, \u0432 \u0442\u043e\u043c\u0443 \u0447\u0438\u0441\u043b\u0456 \u0437\u0456 \u0441\u043c\u0430\u0440\u0442\u0444\u043e\u043d\u0430 \u0430\u0431\u043e \u043f\u043b\u0430\u043d\u0448\u0435\u0442\u0430 (iOS | Android) \u0437 \u0431\u0443\u0434\u044c-\u044f\u043a\u043e\u0457 \u0442\u043e\u0447\u043a\u0438 \u043f\u043b\u0430\u043d\u0435\u0442\u0438.<\/p>\n","protected":false},"excerpt":{"rendered":"<p>8-\u043a\u0430\u043d\u0430\u043b\u044c\u043d\u0438\u0439 XVR, \u043f\u0456\u0434\u0442\u0440\u0438\u043c\u043a\u0430 5 \u0444\u043e\u0440\u043c\u0430\u0442\u0456\u0432 \u0432\u0456\u0434\u0435\u043e\u0441\u0438\u0433\u043d\u0430\u043b\u0443: analog \/ AHD \/ HDCVI \/ TVI \/ IP. \u0412\u0456\u0434\u0435\u043e\u0441\u0442\u0438\u0441\u043d\u0435\u043d\u043d\u044f: H.265 \/ H.265+ \/ H.264 \/ H.264+; \u041a\u0456\u043b\u044c\u043a\u0456\u0441\u0442\u044c \u0432\u0456\u0434\u0435\u043e\u0432\u0445\u043e\u0434\u0456\u0432: 8 \u043a\u0430\u043d\u0430\u043b\u0456\u0432 HDCVI\/TV\/AHD\/CVBS \u0430\u0431\u043e \u043f\u0456\u0434&#8217;\u0454\u0434\u043d\u0430\u043d\u043d\u044f 16 IP-\u043a\u0430\u043c\u0435\u0440; \u0417\u0430\u043f\u0438\u0441: 8Mp@80\u041c\u0431\u0456\u0442\/\u0441 \u043d\u0430 \u0441\u0438\u0441\u0442\u0435\u043c\u0443 \u0434\u043b\u044f IP \u043a\u0430\u043c\u0435\u0440, 1080P@15fps \u0434\u043b\u044f HD-CVI, TVI, AHD. \u0412\u0456\u0434\u0435\u043e\u0432\u0438\u0445\u043e\u0434\u0438: HDMI, VGA, CVBS; \u0410\u0443\u0434\u0456\u043e: 6\u0432\u0445\/1\u0432\u0438\u0445; \u0422\u0440\u0438\u0432\u043e\u0433\u0430: 4\u0432\u0445\u043e\u0434\u0438\/1\u0432\u0438\u0445\u0456\u0434; \u041d\u0430\u043a\u043e\u043f\u0438\u0447\u0443\u0432\u0430\u0447: 1 SATA HDD \u0434\u043e 8 \u0422\u0411; \u0406\u043d\u0442\u0435\u0440\u0444\u0435\u0439\u0441\u0438: RJ-45 (10\/100M), RS485 (Pelco-D, Pelco-P); DC 12 \u0412 \/ 2A; \u0420\u043e\u0437\u043c\u0456\u0440\u0438: 260 \u0445 215 \u0445 43 \u043c\u043c<\/p>\n","protected":false},"featured_media":405042,"comment_status":"open","ping_status":"open","template":"","meta":[],"product_brand":[],"product_cat":[182],"product_tag":[],"class_list":{"0":"post-405041","1":"product","2":"type-product","3":"status-publish","4":"has-post-thumbnail","6":"product_cat-videoreyestratory","8":"first","9":"instock","10":"purchasable","11":"product-type-simple"},"_links":{"self":[{"href":"https:\/\/kioto.com.ua\/ru\/wp-json\/wp\/v2\/product\/405041","targetHints":{"allow":["GET"]}}],"collection":[{"href":"https:\/\/kioto.com.ua\/ru\/wp-json\/wp\/v2\/product"}],"about":[{"href":"https:\/\/kioto.com.ua\/ru\/wp-json\/wp\/v2\/types\/product"}],"replies":[{"embeddable":true,"href":"https:\/\/kioto.com.ua\/ru\/wp-json\/wp\/v2\/comments?post=405041"}],"version-history":[{"count":0,"href":"https:\/\/kioto.com.ua\/ru\/wp-json\/wp\/v2\/product\/405041\/revisions"}],"wp:featuredmedia":[{"embeddable":true,"href":"https:\/\/kioto.com.ua\/ru\/wp-json\/wp\/v2\/media\/405042"}],"wp:attachment":[{"href":"https:\/\/kioto.com.ua\/ru\/wp-json\/wp\/v2\/media?parent=405041"}],"wp:term":[{"taxonomy":"product_brand","embeddable":true,"href":"https:\/\/kioto.com.ua\/ru\/wp-json\/wp\/v2\/product_brand?post=405041"},{"taxonomy":"product_cat","embeddable":true,"href":"https:\/\/kioto.com.ua\/ru\/wp-json\/wp\/v2\/product_cat?post=405041"},{"taxonomy":"product_tag","embeddable":true,"href":"https:\/\/kioto.com.ua\/ru\/wp-json\/wp\/v2\/product_tag?post=405041"}],"curies":[{"name":"wp","href":"https:\/\/api.w.org\/{rel}","templated":true}]}}