{"id":406555,"date":"2025-04-29T17:06:03","date_gmt":"2025-04-29T14:06:03","guid":{"rendered":"https:\/\/kioto.com.ua\/komplekt-ipvideosposterezhennia-atis-ip-4-kit-5mp\/"},"modified":"2026-03-17T08:40:20","modified_gmt":"2026-03-17T05:40:20","slug":"komplekt-ipvideosposterezhennia-atis-ip-4-kit-5mp","status":"publish","type":"product","link":"https:\/\/kioto.com.ua\/ru\/komplekt-ipvideosposterezhennia-atis-ip-4-kit-5mp\/","title":{"rendered":"\u041a\u043e\u043c\u043f\u043b\u0435\u043a\u0442 IP\u0432\u0456\u0434\u0435\u043e\u0441\u043f\u043e\u0441\u0442\u0435\u0440\u0435\u0436\u0435\u043d\u043d\u044f ATIS IP 4 kit 5Mp"},"content":{"rendered":"<p>\u041a\u043e\u043c\u043f\u043b\u0435\u043a\u0442 IP \u0432\u0456\u0434\u0435\u043e\u0441\u043f\u043e\u0441\u0442\u0435\u0440\u0435\u0436\u0435\u043d\u043d\u044f \u0434\u043b\u044f \u0441\u0430\u043c\u043e\u0441\u0442\u0456\u0439\u043d\u043e\u0457 \u0443\u0441\u0442\u0430\u043d\u043e\u0432\u043a\u0438 ATIS IP 4 kit 5Mp \u0432\u043a\u043b\u044e\u0447\u0430\u0454: IP \u0432\u0456\u0434\u0435\u043e\u0440\u0435\u0454\u0441\u0442\u0440\u0430\u0442\u043e\u0440 \u0437 USB-\u043c\u0438\u0448\u0435\u044e, 4 \u0432\u0443\u043b\u0438\u0447\u043d\u0456 \u0446\u0438\u043b\u0456\u043d\u0434\u0440\u0438\u0447\u043d\u0456 IP \u0432\u0456\u0434\u0435\u043e\u043a\u0430\u043c\u0435\u0440\u0438 \u0440\u043e\u0437\u0434\u0456\u043b\u044c\u043d\u043e\u0457 \u0437\u0434\u0430\u0442\u043d\u043e\u0441\u0442\u0456 5 \u041c\u043f, 1 HDMI \u043a\u0430\u0431\u0435\u043b\u044c \u0434\u043e\u0432\u0436\u0438\u043d\u043e\u044e 2 \u043c, 1 LAN \u043a\u0430\u0431\u0435\u043b\u044c \u0434\u043e\u0432\u0436\u0438\u043d\u043e\u044e 1 \u043c, 4 LAN \u043a\u0430\u0431\u0435\u043b\u0456 RJ-45+\u0436\u0438\u0432\u043b\u0435\u043d\u043d\u044f \u043f\u043e 18 \u043c, 1 \u0431\u043b\u043e\u043a \u0436\u0438\u0432\u043b\u0435\u043d\u043d\u044f.<br \/>\u0416\u043e\u0440\u0441\u0442\u043a\u0438\u0439 \u0434\u0438\u0441\u043a \u0443 \u043a\u043e\u043c\u043f\u043b\u0435\u043a\u0442 \u043f\u043e\u0441\u0442\u0430\u0447\u0430\u043d\u043d\u044f \u043d\u0435 \u0432\u0445\u043e\u0434\u0438\u0442\u044c.<\/p>\n<p>\u041f\u0440\u0438\u043d\u0446\u0438\u043f \u0440\u043e\u0431\u043e\u0442\u0438<br \/>\u041a\u043e\u043c\u043f\u043b\u0435\u043a\u0442 \u0432\u0456\u0434\u0435\u043e\u0441\u043f\u043e\u0441\u0442\u0435\u0440\u0435\u0436\u0435\u043d\u043d\u044f \u043f\u0440\u0438\u0437\u043d\u0430\u0447\u0435\u043d\u0438\u0439 \u0434\u043b\u044f \u043e\u0440\u0433\u0430\u043d\u0456\u0437\u0430\u0446\u0456\u0457 \u0435\u0444\u0435\u043a\u0442\u0438\u0432\u043d\u043e\u0457 \u0441\u0438\u0441\u0442\u0435\u043c\u0438 \u043e\u0445\u043e\u0440\u043e\u043d\u043d\u043e\u0433\u043e \u0441\u043f\u043e\u0441\u0442\u0435\u0440\u0435\u0436\u0435\u043d\u043d\u044f \u044f\u043a \u0443\u0441\u0435\u0440\u0435\u0434\u0438\u043d\u0456 \u043f\u0440\u0438\u043c\u0456\u0449\u0435\u043d\u043d\u044f (\u0431\u0443\u0434\u0438\u043d\u043e\u043a, \u043a\u0432\u0430\u0440\u0442\u0438\u0440\u0430, \u043e\u0444\u0456\u0441 \u0442\u0430 \u0456\u043d\u0448\u0456), \u0442\u0430\u043a \u0456 \u0437\u043e\u0432\u043d\u0456.<br \/>\u0421\u0438\u0441\u0442\u0435\u043c\u0430 \u0434\u043e\u0437\u0432\u043e\u043b\u044f\u0454 \u043f\u0435\u0440\u0435\u0433\u043b\u044f\u0434\u0430\u0442\u0438 \u0432\u0456\u0434\u0435\u043e \u0437 4-\u0445 \u0432\u0456\u0434\u0435\u043e\u043a\u0430\u043c\u0435\u0440 \u0456, \u0437\u0430 \u043d\u0430\u044f\u0432\u043d\u043e\u0441\u0442\u0456 HDD, \u0440\u043e\u0431\u0438\u0442\u0438 \u0437\u0430\u043f\u0438\u0441 \u0432\u0441\u044c\u043e\u0433\u043e, \u0449\u043e \u0432\u0456\u0434\u0431\u0443\u0432\u0430\u0454\u0442\u044c\u0441\u044f \u043d\u0430 \u0442\u0435\u0440\u0438\u0442\u043e\u0440\u0456\u0457, \u0449\u043e \u043e\u0445\u043e\u0440\u043e\u043d\u044f\u0454\u0442\u044c\u0441\u044f.<br \/>\u0417\u0430\u043f\u0438\u0441 \u0432\u0456\u0434\u0435\u043e\u0430\u0440\u0445\u0456\u0432\u0443 \u043c\u043e\u0436\u0435 \u0432\u0435\u0441\u0442\u0438\u0441\u044c \u043f\u043e\u0441\u0442\u0456\u0439\u043d\u043e, \u0437\u0430 \u0440\u043e\u0437\u043a\u043b\u0430\u0434\u043e\u043c, \u0430\u0431\u043e \u0437\u0430 \u0432\u0431\u0443\u0434\u043e\u0432\u0430\u043d\u0438\u043c \u0434\u0430\u0442\u0447\u0438\u043a\u043e\u043c \u0440\u0443\u0445\u0443. \u0410\u0440\u0445\u0456\u0432 \u0437\u0430\u043f\u0438\u0441\u0430\u043d\u0438\u0445 \u043f\u043e\u0434\u0456\u0439 \u043c\u043e\u0436\u0435 \u0437\u0431\u0435\u0440\u0456\u0433\u0430\u0442\u0438\u0441\u044f \u043f\u0440\u043e\u0442\u044f\u0433\u043e\u043c \u043c\u0456\u0441\u044f\u0446\u044f \u0430\u0431\u043e \u0431\u0456\u043b\u044c\u0448\u0435 \u0437\u0430\u043b\u0435\u0436\u043d\u043e \u0432\u0456\u0434 \u043d\u0430\u043b\u0430\u0448\u0442\u0443\u0432\u0430\u043d\u044c \u0437\u0430\u043f\u0438\u0441\u0443.<br \/>\u041f\u0435\u0440\u0435\u0433\u043b\u044f\u0434 \u0432\u0456\u0434\u0435\u043e \u0437 \u0441\u0438\u0441\u0442\u0435\u043c\u0438 \u0432\u0456\u0434\u0435\u043e\u0441\u043f\u043e\u0441\u0442\u0435\u0440\u0435\u0436\u0435\u043d\u043d\u044f \u043c\u043e\u0436\u043d\u0430 \u0447\u0435\u0440\u0435\u0437 \u043c\u043e\u043d\u0456\u0442\u043e\u0440 \u0437 \u0432\u0445\u043e\u0434\u043e\u043c VGA\/HDMI. \u0423\u043f\u0440\u0430\u0432\u043b\u0456\u043d\u043d\u044f \u0437\u0434\u0456\u0439\u0441\u043d\u044e\u0454\u0442\u044c\u0441\u044f USB-\u043c\u0438\u0448\u043a\u043e\u044e.<br \/>\u0414\u043e \u0432\u0456\u0434\u0435\u043e\u0440\u0435\u0454\u0441\u0442\u0440\u0430\u0442\u043e\u0440\u0430 \u0442\u0430\u043a\u043e\u0436 \u043c\u043e\u0436\u043d\u0430 \u043f\u0456\u0434\u043a\u043b\u044e\u0447\u0430\u0442\u0438\u0441\u044f \u0432\u0456\u0434\u0434\u0430\u043b\u0435\u043d\u043e \u0447\u0435\u0440\u0435\u0437 \u043b\u043e\u043a\u0430\u043b\u044c\u043d\u0443 \u043c\u0435\u0440\u0435\u0436\u0443 \u0442\u0430\/\u0430\u0431\u043e \u0406\u043d\u0442\u0435\u0440\u043d\u0435\u0442.<\/p>\n<p>\u0412\u0456\u0434\u0435\u043e\u043a\u0430\u043c\u0435\u0440\u0438 \u043e\u0441\u043d\u0430\u0449\u0435\u043d\u0456 \u043a\u043e\u043c\u0431\u0456\u043d\u043e\u0432\u0430\u043d\u0438\u043c \u0406\u0427+LED \u043f\u0456\u0434\u0441\u0432\u0456\u0447\u0443\u0432\u0430\u043d\u043d\u044f\u043c, \u044f\u043a\u0435 \u0434\u043e\u0437\u0432\u043e\u043b\u044f\u0454 \u0432\u0435\u0441\u0442\u0438 \u0432\u0456\u0434\u0435\u043e\u0441\u043f\u043e\u0441\u0442\u0435\u0440\u0435\u0436\u0435\u043d\u043d\u044f \u043d\u0430\u0432\u0456\u0442\u044c \u0443 \u043f\u043e\u0432\u043d\u0456\u0439 \u0442\u0435\u043c\u0440\u044f\u0432\u0456, \u0437\u0430\u0431\u0435\u0437\u043f\u0435\u0447\u0443\u044e\u0447\u0438 \u043f\u043e\u0432\u043d\u043e\u043a\u043e\u043b\u044c\u043e\u0440\u043e\u0432\u0443 \u043d\u0456\u0447\u043d\u0443 \u0437\u0439\u043e\u043c\u043a\u0443. <br \/>\u041a\u0430\u043c\u0435\u0440\u0438 \u043c\u0430\u044e\u0442\u044c \u0444\u0443\u043d\u043a\u0446\u0456\u044e \u0430\u043a\u0442\u0438\u0432\u043d\u043e\u0433\u043e \u0432\u0456\u0434\u043b\u044f\u043a\u0443\u0432\u0430\u043d\u043d\u044f: \u0432\u0431\u0443\u0434\u043e\u0432\u0430\u043d\u0438\u0439 \u043c\u0456\u043a\u0440\u043e\u0444\u043e\u043d, \u0434\u0438\u043d\u0430\u043c\u0456\u043a \u0442\u0430 \u0447\u0435\u0440\u0432\u043e\u043d\u043e-\u0441\u0438\u043d\u044e \u0441\u0438\u0433\u043d\u0430\u043b\u0456\u0437\u0430\u0446\u0456\u044e.<br \/>IP-\u0432\u0456\u0434\u0435\u043e\u043a\u0430\u043c\u0435\u0440\u0438 \u043f\u0456\u0434\u0442\u0440\u0438\u043c\u0443\u044e\u0442\u044c \u0442\u0435\u0445\u043d\u043e\u043b\u043e\u0433\u0456\u044e \u0420\u043e\u0415, \u044f\u043a\u0430 \u0437\u0430\u0431\u0435\u0437\u043f\u0435\u0447\u0443\u0454 \u043f\u0435\u0440\u0435\u0434\u0430\u0447\u0443 \u0434\u0430\u043d\u0438\u0445 \u0442\u0430 \u0436\u0438\u0432\u043b\u0435\u043d\u043d\u044f \u043f\u043e \u043e\u0434\u043d\u043e\u043c\u0443 \u043a\u0430\u0431\u0435\u043b\u044e \u0432\u0438\u0442\u0430 \u043f\u0430\u0440\u0430.<br \/>\u0417\u0430\u0432\u0434\u044f\u043a\u0438 \u043c\u0435\u0442\u0430\u043b\u0435\u0432\u043e\u043c\u0443 \u043a\u043e\u0440\u043f\u0443\u0441\u0443 \u0441\u0442\u0443\u043f\u0435\u043d\u044f \u0437\u0430\u0445\u0438\u0441\u0442\u0443 IP67, \u043a\u0430\u043c\u0435\u0440\u0443 \u043c\u043e\u0436\u043d\u0430 \u0432\u0441\u0442\u0430\u043d\u043e\u0432\u043b\u044e\u0432\u0430\u0442\u0438 \u043d\u0430 \u0432\u0443\u043b\u0438\u0446\u0456, \u043d\u0435 \u0431\u043e\u044f\u0447\u0438\u0441\u044c \u043f\u0435\u0440\u0435\u043f\u0430\u0434\u0456\u0432 \u0442\u0435\u043c\u043f\u0435\u0440\u0430\u0442\u0443\u0440\u0438 \u0442\u0430 \u0430\u0442\u043c\u043e\u0441\u0444\u0435\u0440\u043d\u0438\u0445 \u044f\u0432\u0438\u0449.<\/p>\n<p>\u0422\u0435\u0445\u043d\u0456\u0447\u043d\u0456 \u0445\u0430\u0440\u0430\u043a\u0442\u0435\u0440\u0438\u0441\u0442\u0438\u043a\u0438<\/p>\n<p>IP \u0432\u0456\u0434\u0435\u043e\u0440\u0435\u0454\u0441\u0442\u0440\u0430\u0442\u043e\u0440 ATIS NVR4104N<\/p>\n<p> \u041a\u0456\u043b\u044c\u043a\u0456\u0441\u0442\u044c \u043a\u0430\u043d\u0430\u043b\u0456\u0432: 8<br \/> \u0420\u043e\u0437\u0434\u0456\u043b\u044c\u043d\u0430 \u0437\u0434\u0430\u0442\u043d\u0456\u0441\u0442\u044c: 4K (3840\u00d72160), 5 \u041c\u043f (2592\u00d71944), 4 \u041c\u043f (2688\u00d71520 \/ 2560\u00d71440), 3 \u041c\u043f (2048\u00d71536), 1080P (1920\u00d7208 720P (1280\u00d7720), D1 (720\u00d7576 \/ 720\u00d7480)<br \/> \u0417\u0430\u043f\u0438\u0441:<\/p>\n<p> PAL: 8MP@8CHx25fps, 6MP@8CHx25fps, 5MP@8CH\u00d725fps, 4MP@8CHx25fps, 3MP@8CH\u00d725fps, 1080P@8CH\u00d725fps<br \/> NTSC: 8MP@8CHx30fps, 6MP@8x30fps, 5MP@8CH\u00d730fps, 4MP@8CHx30fps, 3MP@8CH\u00d730fps, 1080P@8CH\u00d730fps<\/p>\n<p> \u0412\u0445\u0456\u0434\u043d\u0438\u0439 \u043f\u043e\u0442\u0456\u043a: 160 \u041c\u0431\u0456\u0442\/\u0441<br \/> \u0421\u0442\u0438\u0441\u043d\u0435\u043d\u043d\u044f \u0432\u0456\u0434\u0435\u043e: H.264<br \/> \u0412\u0456\u0434\u0435\u043e\u0432\u0438\u0445\u043e\u0434\u0438: 1 x HDMI (4K \/ 2K \/ 1080p), 1 x VGA (1080p \/ 1280&#215;1024 \/ 1280&#215;720 \/ 1024&#215;768)<br \/> \u041e\u043f\u0435\u0440\u0430\u0446\u0456\u0439\u043d\u0430 \u0441\u0438\u0441\u0442\u0435\u043c\u0430: Linux<br \/> \u041c\u0435\u0440\u0435\u0436\u0435\u0432\u0456 \u0444\u0443\u043d\u043a\u0446\u0456\u0457: TCP\/IP, HTTP, SMTP, DHCP, FTP, DDNS, RTP, RTSP, RTCP, NTP, UPnP<br \/> \u041f\u0456\u0434\u0442\u0440\u0438\u043c\u043a\u0430 \u0436\u043e\u0440\u0441\u0442\u043a\u0438\u0445 \u0434\u0438\u0441\u043a\u0456\u0432: 1 SATA \u0434\u043e 10 TB (2.5&#8243; \/ 3.5&#8243;)<br \/> \u0410\u0443\u0434\u0456\u043e\u0432\u0438\u0445\u0456\u0434: 1 x RCA<br \/> LAN \u0456\u043d\u0442\u0435\u0440\u0444\u0435\u0439\u0441\u0438: 1\u00d7RJ45 10\/100\/1000 Mbps, 8\u00d7RJ45 10\/100 Mbps PoE<br \/> 2 \u043f\u043e\u0440\u0442\u0438 USB 2.0<br \/> \u0416\u0438\u0432\u043b\u0435\u043d\u043d\u044f: DC 48 \u0412 \/ 1875 \u043c\u0410<br \/> \u0421\u043f\u043e\u0436\u0438\u0432\u0430\u043d\u043d\u044f: 15 \u0412\u0442 (\u0431\u0435\u0437 HDD \u0442\u0430 POE)<br \/> \u0420\u043e\u0431\u043e\u0447\u0430 \u0442\u0435\u043c\u043f\u0435\u0440\u0430\u0442\u0443\u0440\u0430: -10&#8230;+55\u00b0C<br \/> \u0420\u043e\u0437\u043c\u0456\u0440\u0438: 260 x 239 x 46 \u043c\u043c<br \/> \u0412\u0430\u0433\u0430: 990 \u0433 (\u0431\u0435\u0437 HDD)<\/p>\n<p>IP \u0432\u0456\u0434\u0435\u043e\u043a\u0430\u043c\u0435\u0440\u0430 ATIS ANW-5MIL-30W\/2.8 Lite<\/p>\n<p> \u041c\u0430\u0442\u0440\u0438\u0446\u044f: 1\/2.7&#8243; CMOS<br \/> \u0420\u043e\u0437\u0434\u0456\u043b\u044c\u043d\u0430 \u0437\u0434\u0430\u0442\u043d\u0456\u0441\u0442\u044c: 5 \u041c\u043f<br \/> \u0421\u0442\u0438\u0441\u043d\u0435\u043d\u043d\u044f \u0432\u0456\u0434\u0435\u043e: H.265<br \/> \u0428\u0432\u0438\u0434\u043a\u0456\u0441\u0442\u044c \u0437\u0430\u043f\u0438\u0441\u0443: 2880&#215;1620@15fps, 2560&#215;1440@15fps<br \/> \u0424\u043e\u043a\u0443\u0441\u043d\u0430 \u0432\u0456\u0434\u0441\u0442\u0430\u043d\u044c: 2.8 \u043c\u043c<br \/> \u041f\u0456\u0434\u0441\u0432\u0456\u0447\u0443\u0432\u0430\u043d\u043d\u044f: \u0406\u0427 + \u0432\u0438\u0434\u0438\u043c\u0435 \u0441\u0432\u0456\u0442\u043b\u043e (LED) 30\u043c<br \/> \u0410\u0443\u0434\u0456\u043e: \u0432\u0431\u0443\u0434\u043e\u0432\u0430\u043d\u0438\u0439 \u043c\u0456\u043a\u0440\u043e\u0444\u043e\u043d \u0442\u0430 \u0434\u0438\u043d\u0430\u043c\u0456\u043a<br \/> \u041f\u0456\u0434\u043a\u043b\u044e\u0447\u0435\u043d\u043d\u044f: RJ45 10\/100 Mbps<br \/> \u041c\u0435\u0440\u0435\u0436\u0435\u0432\u0456 \u0444\u0443\u043d\u043a\u0446\u0456\u0457: TCP\/IP, DHCP, DNS<br \/> \u0416\u0438\u0432\u043b\u0435\u043d\u043d\u044f: DC12V \/ PoE IEEE 802.3af<br \/> \u041a\u043e\u0440\u043f\u0443\u0441: \u043c\u0435\u0442\u0430\u043b<br \/> \u0421\u0442\u0443\u043f\u0456\u043d\u044c \u0437\u0430\u0445\u0438\u0441\u0442\u0443: IP67<br \/> \u0420\u043e\u0431\u043e\u0447\u0430 \u0442\u0435\u043c\u043f\u0435\u0440\u0430\u0442\u0443\u0440\u0430: -20~+60\u00b0C<br \/> \u0420\u043e\u0437\u043c\u0456\u0440\u0438: 73\u00d773\u00d7167 \u043c\u043c<br \/> \u0412\u0430\u0433\u0430: 446 \u0433<\/p>\n<p>\u041f\u0415\u0420\u0415\u0412\u0410\u0413\u0418<\/p>\n<p>\u041a\u043e\u043c\u043f\u043b\u0435\u043a\u0442 \u0432\u0456\u0434\u0435\u043e\u0441\u043f\u043e\u0441\u0442\u0435\u0440\u0435\u0436\u0435\u043d\u043d\u044f ATIS IP 4 kit 5Mp \u043c\u0456\u0441\u0442\u0438\u0442\u044c \u0443\u0441\u0456 \u043d\u0435\u043e\u0431\u0445\u0456\u0434\u043d\u0456 \u0435\u043b\u0435\u043c\u0435\u043d\u0442\u0438 \u0434\u043b\u044f \u0441\u0430\u043c\u043e\u0441\u0442\u0456\u0439\u043d\u043e\u0457 \u0443\u0441\u0442\u0430\u043d\u043e\u0432\u043a\u0438 \u0441\u0438\u0441\u0442\u0435\u043c\u0438 \u043e\u0445\u043e\u0440\u043e\u043d\u043d\u043e\u0433\u043e \u0441\u043f\u043e\u0441\u0442\u0435\u0440\u0435\u0436\u0435\u043d\u043d\u044f \u0443 \u043a\u0432\u0430\u0440\u0442\u0438\u0440\u0456, \u043f\u0440\u0438\u0432\u0430\u0442\u043d\u043e\u043c\u0443 \u0431\u0443\u0434\u0438\u043d\u043a\u0443, \u043e\u0444\u0456\u0441\u0456, \u043f\u0456\u0434\u043f\u0440\u0438\u0454\u043c\u0441\u0442\u0432\u0456, \u0430 \u0442\u0430\u043a\u043e\u0436 \u0456\u043d\u0448\u0438\u0445 \u043e\u0431&#8217;\u0454\u043a\u0442\u0430\u0445.<br \/>\u041c\u043e\u043d\u0442\u0430\u0436 \u043a\u043e\u043c\u043f\u043b\u0435\u043a\u0442\u0443 \u043d\u0435 \u0442\u0440\u0438\u0432\u0430\u0442\u0438\u043c\u0435 \u0431\u0430\u0433\u0430\u0442\u043e \u0447\u0430\u0441\u0443 \u043d\u0430\u0432\u0456\u0442\u044c \u0443 \u043d\u0435 \u0444\u0430\u0445\u0456\u0432\u0446\u044f. \u0412\u0441\u0456 \u043a\u043e\u043c\u043f\u043e\u043d\u0435\u043d\u0442\u0438 \u0432\u0456\u0434\u0435\u043e\u0441\u043f\u043e\u0441\u0442\u0435\u0440\u0435\u0436\u0435\u043d\u043d\u044f \u0432\u0436\u0435 \u043f\u043e\u043f\u0435\u0440\u0435\u0434\u043d\u044c\u043e \u043f\u0456\u0434\u0433\u043e\u0442\u043e\u0432\u043b\u0435\u043d\u0456 \u0434\u043b\u044f \u0432\u0441\u0442\u0430\u043d\u043e\u0432\u043b\u0435\u043d\u043d\u044f: \u043a\u0430\u0431\u0435\u043b\u0456 \u043e\u0431\u0442\u0438\u0441\u043d\u0443\u0442\u0456 \u0441\u043f\u0435\u0446\u0456\u0430\u043b\u044c\u043d\u0438\u043c\u0438 \u0440\u043e\u0437&#8217;\u0454\u043c\u0430\u043c\u0438 \u0434\u043b\u044f \u043f\u0435\u0440\u0435\u0434\u0430\u0447\u0456 \u0436\u0438\u0432\u043b\u0435\u043d\u043d\u044f \u0442\u0430 \u0432\u0456\u0434\u0435\u043e\u0441\u0438\u0433\u043d\u0430\u043b\u0443, \u0432 \u043a\u043e\u043c\u043f\u043b\u0435\u043a\u0442\u0456 \u0434\u043e \u043a\u0430\u043c\u0435\u0440 \u0434\u043e\u0434\u0430\u044e\u0442\u044c\u0441\u044f \u0432\u0441\u0456 \u043d\u0435\u043e\u0431\u0445\u0456\u0434\u043d\u0456 \u043c\u043e\u043d\u0442\u0430\u0436\u043d\u0456 \u0435\u043b\u0435\u043c\u0435\u043d\u0442\u0438.<br \/>\u041f\u0435\u0440\u0435\u0432\u0430\u0433\u043e\u044e \u043a\u043e\u043c\u043f\u043b\u0435\u043a\u0442\u0443 \u0432\u0456\u0434\u0435\u043e\u0441\u043f\u043e\u0441\u0442\u0435\u0440\u0435\u0436\u0435\u043d\u043d\u044f \u0434\u043b\u044f \u0441\u0430\u043c\u043e\u0441\u0442\u0456\u0439\u043d\u043e\u0457 \u0443\u0441\u0442\u0430\u043d\u043e\u0432\u043a\u0438 \u0454 \u043c\u043e\u0436\u043b\u0438\u0432\u0456\u0441\u0442\u044c \u043f\u043e\u0431\u0430\u0447\u0438\u0442\u0438, \u0449\u043e \u0432\u0456\u0434\u0431\u0443\u0432\u0430\u0454\u0442\u044c\u0441\u044f \u0432 \u0434\u0430\u043d\u0438\u0439 \u043c\u043e\u043c\u0435\u043d\u0442 \u043d\u0430 \u0442\u0435\u0440\u0438\u0442\u043e\u0440\u0456\u0457, \u0449\u043e \u043e\u0445\u043e\u0440\u043e\u043d\u044f\u0454\u0442\u044c\u0441\u044f, \u0430 \u0442\u0430\u043a\u043e\u0436, \u0443 \u0440\u0430\u0437\u0456 \u043d\u0435\u043e\u0431\u0445\u0456\u0434\u043d\u043e\u0441\u0442\u0456, \u043f\u0435\u0440\u0435\u0433\u043b\u044f\u043d\u0443\u0442\u0438 \u0440\u0430\u043d\u0456\u0448\u0435 \u0437\u0430\u043f\u0438\u0441\u0430\u043d\u0438\u0439 \u0432\u0456\u0434\u0435\u043e\u0430\u0440\u0445\u0456\u0432 (\u043f\u043e\u0442\u0440\u0456\u0431\u043d\u0435 \u043f\u0456\u0434\u043a\u043b\u044e\u0447\u0435\u043d\u043d\u044f \u0436\u043e\u0440\u0441\u0442\u043a\u043e\u0433\u043e \u0434\u0438\u0441\u043a\u0430).<\/p>\n","protected":false},"excerpt":{"rendered":"<p>\u0423 \u043a\u043e\u043c\u043f\u043b\u0435\u043a\u0442 \u0432\u0456\u0434\u0435\u043e\u0441\u043f\u043e\u0441\u0442\u0435\u0440\u0435\u0436\u0435\u043d\u043d\u044f IP 4 kit 5Mp \u0432\u0445\u043e\u0434\u0438\u0442\u044c: 4 \u0446\u0438\u043b\u0456\u043d\u0434\u0440\u0438\u0447\u043d\u0456 \u0432\u0443\u043b\u0438\u0447\u043d\u0456 IP \u043a\u0430\u043c\u0435\u0440\u0438 (\u0440\u043e\u0437\u0434\u0456\u043b\u044c\u043d\u0430 \u0437\u0434\u0430\u0442\u043d\u0456\u0441\u0442\u044c 5 \u041c\u043f, \u043f\u043e\u0434\u0432\u0456\u0439\u043d\u0435 \u043f\u0456\u0434\u0441\u0432\u0456\u0447\u0443\u0432\u0430\u043d\u043d\u044f IR+LED 30 \u043c, \u0432\u0431\u0443\u0434\u043e\u0432\u0430\u043d\u0456 \u043c\u0456\u043a\u0440\u043e\u0444\u043e\u043d \u0442\u0430 \u0434\u0438\u043d\u0430\u043c\u0456\u043a, \u043f\u0456\u0434\u0442\u0440\u0438\u043c\u043a\u0430 PoE), IP \u0432\u0456\u0434\u0435\u043e\u0440\u0435\u0454\u0441\u0442\u0440\u0430\u0442\u043e\u0440 \u0437 \u043c\u0438\u0448\u0435\u044e (8 \u043a\u0430\u043d\u0430\u043b\u0456\u0432 \u0434\u043e 8 \u041c\u043f, \u0432\u0445\u0456\u0434\u043d\u0438\u0439 \u043f\u043e\u0442\u0456\u043a 160 \u041c\u0431\u0438\u0442\/\u0441, \u043f\u0456\u0434\u0442\u0440\u0438\u043c\u043a\u0430 1 SATA HDD \u0434\u043e 10 \u0422\u0431), 4 \u043a\u0430\u0431\u0435\u043b\u0456 CAT5e RJ-45+\u0436\u0438\u0432\u043b\u0435\u043d\u043d\u044f (18 \u043c), 1 \u043a\u0430\u0431\u0435\u043b\u044c RJ-45 (1 \u043c), 1 \u043a\u0430\u0431\u0435\u043b\u044c HDMI (2 \u043c), \u0431\u043b\u043e\u043a \u0436\u0438\u0432\u043b\u0435\u043d\u043d\u044f DC48 \u0412 \/ 2 A.<\/p>\n","protected":false},"featured_media":406556,"comment_status":"open","ping_status":"open","template":"","meta":[],"product_brand":[],"product_cat":[2377],"product_tag":[],"class_list":{"0":"post-406555","1":"product","2":"type-product","3":"status-publish","4":"has-post-thumbnail","6":"product_cat-komplektu-videonaglydy","8":"first","9":"instock","10":"purchasable","11":"product-type-simple"},"_links":{"self":[{"href":"https:\/\/kioto.com.ua\/ru\/wp-json\/wp\/v2\/product\/406555","targetHints":{"allow":["GET"]}}],"collection":[{"href":"https:\/\/kioto.com.ua\/ru\/wp-json\/wp\/v2\/product"}],"about":[{"href":"https:\/\/kioto.com.ua\/ru\/wp-json\/wp\/v2\/types\/product"}],"replies":[{"embeddable":true,"href":"https:\/\/kioto.com.ua\/ru\/wp-json\/wp\/v2\/comments?post=406555"}],"version-history":[{"count":0,"href":"https:\/\/kioto.com.ua\/ru\/wp-json\/wp\/v2\/product\/406555\/revisions"}],"wp:featuredmedia":[{"embeddable":true,"href":"https:\/\/kioto.com.ua\/ru\/wp-json\/wp\/v2\/media\/406556"}],"wp:attachment":[{"href":"https:\/\/kioto.com.ua\/ru\/wp-json\/wp\/v2\/media?parent=406555"}],"wp:term":[{"taxonomy":"product_brand","embeddable":true,"href":"https:\/\/kioto.com.ua\/ru\/wp-json\/wp\/v2\/product_brand?post=406555"},{"taxonomy":"product_cat","embeddable":true,"href":"https:\/\/kioto.com.ua\/ru\/wp-json\/wp\/v2\/product_cat?post=406555"},{"taxonomy":"product_tag","embeddable":true,"href":"https:\/\/kioto.com.ua\/ru\/wp-json\/wp\/v2\/product_tag?post=406555"}],"curies":[{"name":"wp","href":"https:\/\/api.w.org\/{rel}","templated":true}]}}