{"id":406565,"date":"2025-04-29T17:06:03","date_gmt":"2025-04-29T14:06:03","guid":{"rendered":"https:\/\/kioto.com.ua\/komplekt-videosposterezhennia-atis-wf-2-kit\/"},"modified":"2026-03-17T08:40:22","modified_gmt":"2026-03-17T05:40:22","slug":"komplekt-videosposterezhennia-atis-wf-2-kit","status":"publish","type":"product","link":"https:\/\/kioto.com.ua\/ru\/komplekt-videosposterezhennia-atis-wf-2-kit\/","title":{"rendered":"\u041a\u043e\u043c\u043f\u043b\u0435\u043a\u0442 \u0432\u0456\u0434\u0435\u043e\u0441\u043f\u043e\u0441\u0442\u0435\u0440\u0435\u0436\u0435\u043d\u043d\u044f ATIS WF 2 kit"},"content":{"rendered":"<p>\u041a\u043e\u043c\u043f\u043b\u0435\u043a\u0442 WiFi \u0432\u0456\u0434\u0435\u043e\u0441\u043f\u043e\u0441\u0442\u0435\u0440\u0435\u0436\u0435\u043d\u043d\u044f \u0434\u043b\u044f \u0441\u0430\u043c\u043e\u0441\u0442\u0456\u0439\u043d\u043e\u0433\u043e \u0432\u0441\u0442\u0430\u043d\u043e\u0432\u043b\u0435\u043d\u043d\u044f ATIS WiFi kit 42 \u043c\u0456\u0441\u0442\u0438\u0442\u044c: 1 \u0432\u0456\u0434\u0435\u043e\u0440\u0435\u0454\u0441\u0442\u0440\u0430\u0442\u043e\u0440 \u0456 2 \u0432\u0443\u043b\u0438\u0447\u043d\u0456 \u0446\u0438\u043b\u0456\u043d\u0434\u0440\u0438\u0447\u043d\u0456 \u0432\u0456\u0434\u0435\u043e\u043a\u0430\u043c\u0435\u0440\u0438 \u0440\u043e\u0437\u0434\u0456\u043b\u044c\u043d\u043e\u0457 \u0437\u0434\u0430\u0442\u043d\u043e\u0441\u0442\u0456 2 \u041c\u043f \u0432 \u043c\u0435\u0442\u0430\u043b\u0435\u0432\u043e\u043c\u0443 \u043a\u043e\u0440\u043f\u0443\u0441\u0456 IP67, \u0437 \u0432\u0431\u0443\u0434\u043e\u0432\u0430\u043d\u0438\u043c \u043c\u0456\u043a\u0440\u043e\u0444\u043e\u043d\u043e\u043c \u0456 \u043a\u043e\u043c\u0431\u0456\u043d\u043e\u0432\u0430\u043d\u0438\u043c \u043f\u0456\u0434\u0441\u0432\u0456\u0447\u0443\u0432\u0430\u043d\u043d\u044f\u043c \u0406\u0427 + \u0432\u0438\u0434\u0438\u043c\u0435 \u0441\u0432\u0456\u0442\u043b\u043e \u0434\u043e 30 \u043c, 2 \u0431\u043b\u043e\u043a\u0438 \u0436\u0438\u0432\u043b\u0435\u043d\u043d\u044f DC12V\/1A \u0434\u043b\u044f \u0436\u0438\u0432\u043b\u0435\u043d\u043d\u044f \u0432\u0456\u0434\u0435\u043e\u043a\u0430\u043c\u0435\u0440, 1 \u0431\u043b\u043e\u043a \u0436\u0438\u0432\u043b\u0435\u043d\u043d\u044f DC12V\/2A \u0434\u043b\u044f \u0436\u0438\u0432\u043b\u0435\u043d\u043d\u044f \u0432\u0456\u0434\u0435\u043e\u0440\u0435\u0454\u0441\u0442\u0440\u0430\u0442\u043e\u0440\u0430, USB-\u043c\u0438\u0448\u0430, 1 \u043a\u0430\u0431\u0435\u043b\u044c RJ-45.<br \/>\u041a\u0435\u0440\u0443\u0432\u0430\u043d\u043d\u044f \u0441\u0438\u0441\u0442\u0435\u043c\u043e\u044e \u0441\u043f\u043e\u0441\u0442\u0435\u0440\u0435\u0436\u0435\u043d\u043d\u044f \u0437\u0434\u0456\u0439\u0441\u043d\u044e\u0454\u0442\u044c\u0441\u044f \u0437\u0430 \u0434\u043e\u043f\u043e\u043c\u043e\u0433\u043e\u044e \u041f\u041a\/\u043d\u043e\u0443\u0442\u0431\u0443\u043a\u0430 \u0430\u0431\u043e \u0437\u0430\u0441\u0442\u043e\u0441\u0443\u043d\u043a\u0430 \u0434\u043b\u044f \u0441\u043c\u0430\u0440\u0442\u0444\u043e\u043d\u0430 (iOS|Android).<\/p>\n<p>\u0416\u043e\u0440\u0441\u0442\u043a\u0438\u0439 \u0434\u0438\u0441\u043a \u0432 \u043a\u043e\u043c\u043f\u043b\u0435\u043a\u0442 \u043f\u043e\u0441\u0442\u0430\u0447\u0430\u043d\u043d\u044f \u043d\u0435 \u0432\u0445\u043e\u0434\u0438\u0442\u044c. \u0420\u0435\u043a\u043e\u043c\u0435\u043d\u0434\u0443\u0454\u043c\u043e \u0432\u0438\u043a\u043e\u0440\u0438\u0441\u0442\u043e\u0432\u0443\u0432\u0430\u0442\u0438 HDD 3.5 Sata Seagate \/ Western Digital. <\/p>\n<p>\u041f\u0440\u0438\u043d\u0446\u0438\u043f \u0440\u043e\u0431\u043e\u0442\u0438<\/p>\n<p>\u041a\u043e\u043c\u043f\u043b\u0435\u043a\u0442 \u0432\u0456\u0434\u0435\u043e\u0441\u043f\u043e\u0441\u0442\u0435\u0440\u0435\u0436\u0435\u043d\u043d\u044f \u043f\u0440\u0438\u0437\u043d\u0430\u0447\u0435\u043d\u0438\u0439 \u0434\u043b\u044f \u043e\u0440\u0433\u0430\u043d\u0456\u0437\u0430\u0446\u0456\u0457 \u0435\u0444\u0435\u043a\u0442\u0438\u0432\u043d\u043e\u0457 \u0441\u0438\u0441\u0442\u0435\u043c\u0438 \u043e\u0445\u043e\u0440\u043e\u043d\u043d\u043e\u0433\u043e \u0441\u043f\u043e\u0441\u0442\u0435\u0440\u0435\u0436\u0435\u043d\u043d\u044f \u044f\u043a \u0432\u0441\u0435\u0440\u0435\u0434\u0438\u043d\u0456 (\u0431\u0443\u0434\u0438\u043d\u043e\u043a, \u043a\u0432\u0430\u0440\u0442\u0438\u0440\u0430, \u043e\u0444\u0456\u0441 \u0442\u0430 \u0456\u043d\u0448\u0456), \u0442\u0430\u043a \u0456 \u0437\u043e\u0432\u043d\u0456 \u043f\u0440\u0438\u043c\u0456\u0449\u0435\u043d\u043d\u044f.<br \/>\u041a\u0430\u043c\u0435\u0440\u0438 \u0432\u0438\u043a\u043e\u043d\u0430\u043d\u0456 \u0432 \u043a\u043e\u0440\u043f\u0443\u0441\u0456 \u043a\u043b\u0430\u0441\u0430 \u0437\u0430\u0445\u0438\u0441\u0442\u0443 IP67 \u0456 \u0440\u043e\u0437\u0440\u0430\u0445\u043e\u0432\u0430\u043d\u0456 \u043d\u0430 \u0432\u0441\u0442\u0430\u043d\u043e\u0432\u043b\u0435\u043d\u043d\u044f \u043d\u0430 \u0432\u0443\u043b\u0438\u0446\u0456 \u0456 \u0435\u043a\u0441\u043f\u043b\u0443\u0430\u0442\u0430\u0446\u0456\u044e \u0432 \u0434\u0456\u0430\u043f\u0430\u0437\u043e\u043d\u0456 \u0442\u0435\u043c\u043f\u0435\u0440\u0430\u0442\u0443\u0440 \u0432\u0456\u0434 -30\u00b0 \u0434\u043e +55\u00b0C.<br \/>\u041f\u0435\u0440\u0435\u0433\u043b\u044f\u0434\u0430\u0442\u0438 \u0432\u0456\u0434\u0435\u043e\u0437\u043e\u0431\u0440\u0430\u0436\u0435\u043d\u043d\u044f \u0432\u0456\u0434 \u0441\u0438\u0441\u0442\u0435\u043c\u0438 \u0432\u0456\u0434\u0435\u043e\u0441\u043f\u043e\u0441\u0442\u0435\u0440\u0435\u0436\u0435\u043d\u043d\u044f \u043c\u043e\u0436\u043d\u0430 \u0447\u0435\u0440\u0435\u0437  \u043c\u043e\u043d\u0456\u0442\u043e\u0440 \u0437\u0456 \u0432\u0445\u043e\u0434\u043e\u043c VGA\/HDMI. \u041a\u0435\u0440\u0443\u0432\u0430\u043d\u043d\u044f \u0437\u0434\u0456\u0439\u0441\u043d\u044e\u0454\u0442\u044c\u0441\u044f USB-\u043c\u0438\u0448\u043a\u043e\u044e.<br \/>\u0406\u043d\u0442\u0435\u0440\u0444\u0435\u0439\u0441 RJ45 (LAN) \u0434\u043e\u0437\u0432\u043e\u043b\u044f\u0454 \u043f\u0456\u0434\u043a\u043b\u044e\u0447\u0430\u0442\u0438\u0441\u044f \u0434\u043e \u0432\u0456\u0434\u0435\u043e\u0440\u0435\u0454\u0441\u0442\u0440\u0430\u0442\u043e\u0440\u0430 \u043f\u043e \u043b\u043e\u043a\u0430\u043b\u044c\u043d\u0456\u0439 \u043c\u0435\u0440\u0435\u0436\u0456 \u0456\/\u0430\u0431\u043e \u0406\u043d\u0442\u0435\u0440\u043d\u0435\u0442. \u041f\u0435\u0440\u0435\u0433\u043b\u044f\u0434 \u043e\u043d\u043b\u0430\u0439\u043d-\u0437\u043e\u0431\u0440\u0430\u0436\u0435\u043d\u043d\u044f  \u0437 \u043a\u0430\u043c\u0435\u0440 \u0456 \u0432\u0456\u0434\u0435\u043e\u0430\u0440\u0445\u0456\u0432\u0443 \u0434\u043e\u0441\u0442\u0443\u043f\u043d\u0438\u0439 \u044f\u043a \u0437 \u043f\u0435\u0440\u0441\u043e\u043d\u0430\u043b\u044c\u043d\u043e\u0433\u043e \u043a\u043e\u043c\u043f&#8217;\u044e\u0442\u0435\u0440\u0430, \u0442\u0430\u043a \u0456 \u0437 \u043c\u043e\u0431\u0456\u043b\u044c\u043d\u0438\u0445 \u043f\u0440\u0438\u0441\u0442\u0440\u043e\u0457\u0432 (Android | iOS).<\/p>\n<p>\u0422\u0435\u0445\u043d\u0456\u0447\u043d\u0456 \u0445\u0430\u0440\u0430\u043a\u0442\u0435\u0440\u0438\u0441\u0442\u0438\u043a\u0438<\/p>\n<p>WI-FI \u0432\u0456\u0434\u0435\u043e\u0440\u0435\u0454\u0441\u0442\u0440\u0430\u0442\u043e\u0440<\/p>\n<p> \u041e\u043f\u0435\u0440\u0430\u0446\u0456\u0439\u043d\u0430 \u0441\u0438\u0441\u0442\u0435\u043c\u0430: Linux<br \/> \u041a\u0456\u043b\u044c\u043a\u0456\u0441\u0442\u044c \u043a\u0430\u043d\u0430\u043b\u0456\u0432: 8<br \/> \u0420\u043e\u0437\u0434\u0456\u043b\u044c\u043d\u0430 \u0437\u0434\u0430\u0442\u043d\u0456\u0441\u0442\u044c: 8 \u041c\u043f (3840\u00d72160), 5 \u041c\u043f (2880\u00d71620), 4 \u041c\u043f (2688\u00d71520), 3 \u041c\u043f (2048\u00d71536), 1080P (1920\u00d71080), 960P2 (1280\u00d7720), D1 (720\u00d7576\/720\u00d7480)<br \/> \u0428\u0432\u0438\u0434\u043a\u0456\u0441\u0442\u044c \u0437\u0430\u043f\u0438\u0441\u0443: 15fps \u043d\u0430 \u043a\u0430\u043d\u0430\u043b<br \/> \u0421\u0442\u0438\u0441\u043d\u0435\u043d\u043d\u044f \u0432\u0456\u0434\u0435\u043e: H.265<br \/> \u0417\u0430\u043f\u0438\u0441: \u043f\u043e\u0441\u0442\u0456\u0439\u043d\u0438\u0439, \u0437\u0430 \u0440\u0443\u0445\u043e\u043c, \u0437\u0430 \u0440\u043e\u0437\u043a\u043b\u0430\u0434\u043e\u043c<br \/> \u0412\u0456\u0434\u0442\u0432\u043e\u0440\u0435\u043d\u043d\u044f: 2CH 8\u041c\u043f@15fps, 4CH 5\u041c\u043f@15fps, 4CH 4\u041c\u043f@15fps, 4CH 3\u041c\u043f@15fps, 4CH 1080P@15fps<br \/> \u0412\u0456\u0434\u0435\u043e\u0432\u0438\u0445\u043e\u0434\u0438: HDMI, VGA<br \/> \u0410\u0443\u0434\u0456\u043e: 1 \u0432\u0438\u0445\u0456\u0434 3.5 \u043c\u043c<br \/> \u0406\u043d\u0442\u0435\u0440\u0444\u0435\u0439\u0441\u0438: 1 RJ-45 (10\/100M)<br \/> \u041c\u0435\u0440\u0435\u0436\u0435\u0432\u0456 \u0444\u0443\u043d\u043a\u0446\u0456\u0457: TCP\/IP, HTTP, NTP, SMTP, DHCP, DDNS, RTSP, RTCP, RTP<br \/> \u041d\u0430\u043a\u043e\u043f\u0438\u0447\u0443\u0432\u0430\u0447: 1 SATA HDD \u0434\u043e 8TB (2.5&#8243;\/3.5&#8243;)<br \/> Wi-Fi: IEEE802.11b\/g\/n, \u0434\u0438\u0441\u0442\u0430\u043d\u0446\u0456\u044f \u0434\u043e 400 \u043c (\u043f\u0440\u044f\u043c\u0430 \u0432\u0438\u0434\u0438\u043c\u0456\u0441\u0442\u044c)<br \/> USB: 2 \u043f\u043e\u0440\u0442\u0438 USB 2.0<br \/> \u0416\u0438\u0432\u043b\u0435\u043d\u043d\u044f: DC 12 \u0412 \/ 2 \u0410<br \/> \u0421\u043f\u043e\u0436\u0438\u0432\u0430\u043d\u043d\u044f: 10 \u0412\u0442 (\u0431\u0435\u0437 HDD)<br \/> \u0420\u043e\u0431\u043e\u0447\u0430 \u0442\u0435\u043c\u043f\u0435\u0440\u0430\u0442\u0443\u0440\u0430: -10~+55\u00b0C<br \/> \u0420\u043e\u0437\u043c\u0456\u0440\u0438: 260\u0445215\u044546 \u043c\u043c<br \/> \u0412\u0430\u0433\u0430: 660 \u0433<\/p>\n<p>WI-FI \u0432\u0456\u0434\u0435\u043e\u043a\u0430\u043c\u0435\u0440\u0430<\/p>\n<p> \u041c\u0430\u0442\u0440\u0438\u0446\u044f: 1\/2.9&#8243; CMOS<br \/> \u0420\u043e\u0437\u0434\u0456\u043b\u044c\u043d\u0430 \u0437\u0434\u0430\u0442\u043d\u0456\u0441\u0442\u044c: 2 \u041c\u043f, 1920&#215;1080<br \/> \u0421\u0442\u0438\u0441\u043d\u0435\u043d\u043d\u044f \u0432\u0456\u0434\u0435\u043e: H.265<br \/> \u0428\u0432\u0438\u0434\u043a\u0456\u0441\u0442\u044c \u0437\u0430\u043f\u0438\u0441\u0443: 15fps<br \/> \u0424\u043e\u043a\u0443\u0441\u043d\u0430 \u0432\u0456\u0434\u0441\u0442\u0430\u043d\u044c: 2.8 \u043c\u043c<br \/> \u041f\u0456\u0434\u0441\u0432\u0456\u0447\u0443\u0432\u0430\u043d\u043d\u044f: \u0406\u0427 + \u0432\u0438\u0434\u0438\u043c\u0435 \u0441\u0432\u0456\u0442\u043b\u043e 30 \u043c<br \/> Wi-Fi: IEEE802.11b\/g\/n, \u0434\u0438\u0441\u0442\u0430\u043d\u0446\u0456\u044f \u0434\u043e 400 \u043c (\u043f\u0440\u044f\u043c\u0430 \u0432\u0438\u0434\u0438\u043c\u0456\u0441\u0442\u044c)<br \/> \u0410\u0443\u0434\u0456\u043e: \u0432\u0431\u0443\u0434\u043e\u0432\u0430\u043d\u0438\u0439 \u043c\u0456\u043a\u0440\u043e\u0444\u043e\u043d<br \/> \u0416\u0438\u0432\u043b\u0435\u043d\u043d\u044f: DC 12 \u0412 \/ 1 \u0410<br \/> \u041a\u043e\u0440\u043f\u0443\u0441: \u043c\u0435\u0442\u0430\u043b<br \/> \u041a\u043b\u0430\u0441 \u0437\u0430\u0445\u0438\u0441\u0442\u0443: IP67<br \/> \u0420\u043e\u0431\u043e\u0447\u0430 \u0442\u0435\u043c\u043f\u0435\u0440\u0430\u0442\u0443\u0440\u0430: -30~+55\u00b0C<br \/> \u0420\u043e\u0437\u043c\u0456\u0440\u0438: 169.5\u00d770\u00d767.5 \u043c\u043c<br \/> \u0412\u0430\u0433\u0430: 420 \u0433 <\/p>\n<p>\u041f\u0435\u0440\u0435\u0432\u0430\u0433\u0438<\/p>\n<p>\u041a\u043e\u043c\u043f\u043b\u0435\u043a\u0442 \u0432\u0456\u0434\u0435\u043e\u0441\u043f\u043e\u0441\u0442\u0435\u0440\u0435\u0436\u0435\u043d\u043d\u044f ATIS WF 2 kit \u043c\u0456\u0441\u0442\u0438\u0442\u044c \u0432\u0441\u0456 \u043d\u0435\u043e\u0431\u0445\u0456\u0434\u043d\u0456 \u0435\u043b\u0435\u043c\u0435\u043d\u0442\u0438 \u0434\u043b\u044f \u0441\u0430\u043c\u043e\u0441\u0442\u0456\u0439\u043d\u043e\u0433\u043e \u0432\u0441\u0442\u0430\u043d\u043e\u0432\u043b\u0435\u043d\u043d\u044f \u0441\u0438\u0441\u0442\u0435\u043c\u0438 \u043e\u0445\u043e\u0440\u043e\u043d\u043d\u043e\u0433\u043e \u0441\u043f\u043e\u0441\u0442\u0435\u0440\u0435\u0436\u0435\u043d\u043d\u044f \u0432 \u043a\u0432\u0430\u0440\u0442\u0438\u0440\u0456, \u043f\u0440\u0438\u0432\u0430\u0442\u043d\u043e\u043c\u0443 \u0431\u0443\u0434\u0438\u043d\u043a\u0443, \u043e\u0444\u0456\u0441\u0456, \u043f\u0456\u0434\u043f\u0440\u0438\u0454\u043c\u0441\u0442\u0432\u0456, \u0430 \u0442\u0430\u043a\u043e\u0436 \u0456\u043d\u0448\u0438\u0445 \u043e\u0431&#8217;\u0454\u043a\u0442\u0430\u0445.<br \/>\u041c\u043e\u043d\u0442\u0430\u0436 \u043a\u043e\u043c\u043f\u043b\u0435\u043a\u0442\u0443 \u043d\u0435 \u0437\u0430\u0439\u043c\u0435 \u0431\u0430\u0433\u0430\u0442\u043e \u0447\u0430\u0441\u0443 \u043d\u0430\u0432\u0456\u0442\u044c \u0443 \u043d\u0435\u0441\u043f\u0435\u0446\u0456\u0430\u043b\u0456\u0441\u0442\u0430: \u0432\u0441\u0456 \u0441\u043a\u043b\u0430\u0434\u043e\u0432\u0456 \u043a\u043e\u043c\u043f\u043b\u0435\u043a\u0442\u0443 \u0432\u0456\u0434\u0435\u043e\u0441\u043f\u043e\u0441\u0442\u0435\u0440\u0435\u0436\u0435\u043d\u043d\u044f \u0432\u0436\u0435 \u043f\u043e\u043f\u0435\u0440\u0435\u0434\u043d\u044c\u043e \u043f\u0456\u0434\u0433\u043e\u0442\u043e\u0432\u043b\u0435\u043d\u0456 \u0434\u043b\u044f \u0432\u0441\u0442\u0430\u043d\u043e\u0432\u043b\u0435\u043d\u043d\u044f, \u0430 \u043a\u0430\u043c\u0435\u0440\u0438 \u043d\u0430\u043b\u0430\u0448\u0442\u043e\u0432\u0430\u043d\u0456 \u0434\u043b\u044f \u0440\u043e\u0431\u043e\u0442\u0438 \u0437 \u0440\u0435\u0454\u0441\u0442\u0440\u0430\u0442\u043e\u0440\u043e\u043c. \u0414\u043b\u044f \u043f\u0456\u0434\u043a\u043b\u044e\u0447\u0435\u043d\u043d\u044f \u043d\u0435\u043e\u0431\u0445\u0456\u0434\u043d\u043e \u0437&#8217;\u0454\u0434\u043d\u0430\u0442\u0438 \u043a\u0430\u043c\u0435\u0440\u0438 \u0456 \u0440\u0435\u0454\u0441\u0442\u0440\u0430\u0442\u043e\u0440 \u0437 \u0431\u043b\u043e\u043a\u0430\u043c\u0438 \u0436\u0438\u0432\u043b\u0435\u043d\u043d\u044f, \u043f\u0456\u0434\u043a\u043b\u044e\u0447\u0438\u0442\u0438 \u0456\u043d\u0442\u0435\u0440\u043d\u0435\u0442-\u043a\u0430\u0431\u0435\u043b\u044c \u0434\u043e \u0440\u0435\u0454\u0441\u0442\u0440\u0430\u0442\u043e\u0440\u0430, \u043f\u0456\u0434\u043a\u043b\u044e\u0447\u0438\u0442\u0438 \u043c\u043e\u043d\u0456\u0442\u043e\u0440 \u0456 \u0432\u0432\u0456\u043c\u043a\u043d\u0443\u0442\u0438 \u0440\u0435\u0454\u0441\u0442\u0440\u0430\u0442\u043e\u0440.  <br \/>\u041f\u0435\u0440\u0435\u0432\u0430\u0433\u043e\u044e WiFi \u043a\u043e\u043c\u043f\u043b\u0435\u043a\u0442\u0443 \u0432\u0456\u0434\u0435\u043e\u0441\u043f\u043e\u0441\u0442\u0435\u0440\u0435\u0436\u0435\u043d\u043d\u044f \u0454 \u043c\u043e\u0436\u043b\u0438\u0432\u0456\u0441\u0442\u044c \u043f\u0456\u0434\u043a\u043b\u044e\u0447\u0438\u0442\u0438 \u0432\u0441\u0456 \u043a\u043e\u043c\u043f\u043e\u043d\u0435\u043d\u0442\u0438 \u0432 \u0443\u043c\u043e\u0432\u0430\u0445, \u043a\u043e\u043b\u0438 \u043d\u0435\u043c\u0430\u0454 \u043c\u043e\u0436\u043b\u0438\u0432\u043e\u0441\u0442\u0456 \u043f\u0440\u043e\u043a\u043b\u0430\u0434\u0430\u0442\u0438 \u043a\u0430\u0431\u0435\u043b\u044c.<\/p>\n","protected":false},"excerpt":{"rendered":"<p>\u041a\u043e\u043c\u043f\u043b\u0435\u043a\u0442 WiFi \u0432\u0456\u0434\u0435\u043e\u0441\u043f\u043e\u0441\u0442\u0435\u0440\u0435\u0436\u0435\u043d\u043d\u044f \u0434\u043b\u044f \u0441\u0430\u043c\u043e\u0441\u0442\u0456\u0439\u043d\u043e\u0433\u043e \u0432\u0441\u0442\u0430\u043d\u043e\u0432\u043b\u0435\u043d\u043d\u044f \u0432\u043a\u043b\u044e\u0447\u0430\u0454: 1 \u0432\u0456\u0434\u0435\u043e\u0440\u0435\u0454\u0441\u0442\u0440\u0430\u0442\u043e\u0440 \u0456 2 \u0432\u0443\u043b\u0438\u0447\u043d\u0456 \u0446\u0438\u043b\u0456\u043d\u0434\u0440\u0438\u0447\u043d\u0456 \u0432\u0456\u0434\u0435\u043e\u043a\u0430\u043c\u0435\u0440\u0438 \u0440\u043e\u0437\u0434\u0456\u043b\u044c\u043d\u043e\u0457 \u0437\u0434\u0430\u0442\u043d\u043e\u0441\u0442\u0456 2 \u041c\u043f,, \u0437 \u0432\u0431\u0443\u0434\u043e\u0432\u0430\u043d\u0438\u043c \u043c\u0456\u043a\u0440\u043e\u0444\u043e\u043d\u043e\u043c \u0456 \u043a\u043e\u043c\u0431\u0456\u043d\u043e\u0432\u0430\u043d\u0438\u043c \u043f\u0456\u0434\u0441\u0432\u0456\u0447\u0443\u0432\u0430\u043d\u043d\u044f\u043c \u0406\u0427+LED 30 \u043c, 2 \u0431\u043b\u043e\u043a\u0438 \u0436\u0438\u0432\u043b\u0435\u043d\u043d\u044f DC12V\/1A \u0434\u043b\u044f \u0436\u0438\u0432\u043b\u0435\u043d\u043d\u044f \u0432\u0456\u0434\u0435\u043e\u043a\u0430\u043c\u0435\u0440, 1 \u0431\u043b\u043e\u043a \u0436\u0438\u0432\u043b\u0435\u043d\u043d\u044f DC12V\/2A \u0434\u043b\u044f \u0436\u0438\u0432\u043b\u0435\u043d\u043d\u044f \u0432\u0456\u0434\u0435\u043e\u0440\u0435\u0454\u0441\u0442\u0440\u0430\u0442\u043e\u0440\u0430, USB-\u043c\u0438\u0448\u0430, 1 \u043a\u0430\u0431\u0435\u043b\u044c RJ-45<\/p>\n","protected":false},"featured_media":406566,"comment_status":"open","ping_status":"open","template":"","meta":[],"product_brand":[],"product_cat":[2377],"product_tag":[],"class_list":{"0":"post-406565","1":"product","2":"type-product","3":"status-publish","4":"has-post-thumbnail","6":"product_cat-komplektu-videonaglydy","8":"first","9":"instock","10":"purchasable","11":"product-type-simple"},"_links":{"self":[{"href":"https:\/\/kioto.com.ua\/ru\/wp-json\/wp\/v2\/product\/406565","targetHints":{"allow":["GET"]}}],"collection":[{"href":"https:\/\/kioto.com.ua\/ru\/wp-json\/wp\/v2\/product"}],"about":[{"href":"https:\/\/kioto.com.ua\/ru\/wp-json\/wp\/v2\/types\/product"}],"replies":[{"embeddable":true,"href":"https:\/\/kioto.com.ua\/ru\/wp-json\/wp\/v2\/comments?post=406565"}],"version-history":[{"count":0,"href":"https:\/\/kioto.com.ua\/ru\/wp-json\/wp\/v2\/product\/406565\/revisions"}],"wp:featuredmedia":[{"embeddable":true,"href":"https:\/\/kioto.com.ua\/ru\/wp-json\/wp\/v2\/media\/406566"}],"wp:attachment":[{"href":"https:\/\/kioto.com.ua\/ru\/wp-json\/wp\/v2\/media?parent=406565"}],"wp:term":[{"taxonomy":"product_brand","embeddable":true,"href":"https:\/\/kioto.com.ua\/ru\/wp-json\/wp\/v2\/product_brand?post=406565"},{"taxonomy":"product_cat","embeddable":true,"href":"https:\/\/kioto.com.ua\/ru\/wp-json\/wp\/v2\/product_cat?post=406565"},{"taxonomy":"product_tag","embeddable":true,"href":"https:\/\/kioto.com.ua\/ru\/wp-json\/wp\/v2\/product_tag?post=406565"}],"curies":[{"name":"wp","href":"https:\/\/api.w.org\/{rel}","templated":true}]}}